{"id":27,"date":"2024-12-09T23:12:12","date_gmt":"2024-12-09T23:12:12","guid":{"rendered":"https:\/\/humanitieslab.goucher.edu\/argentina\/?page_id=27"},"modified":"2024-12-09T23:12:12","modified_gmt":"2024-12-09T23:12:12","slug":"historia","status":"publish","type":"page","link":"https:\/\/humanitieslab.goucher.edu\/argentina\/historia\/","title":{"rendered":"Historia"},"content":{"rendered":"\n<h2 class=\"wp-block-heading\">La guerra sucia de Argentina<\/h2>\n\n\n\n<h3 class=\"wp-block-heading\">\u00bfQu\u00e9 fue la guerra sucia de Argentina?<\/h3>\n\n\n\n<figure class=\"wp-block-image size-large is-resized\"><img loading=\"lazy\" decoding=\"async\" width=\"1773\" height=\"1190\" src=\"https:\/\/humanitieslab.goucher.edu\/argentina\/wp-content\/uploads\/sites\/27\/2024\/12\/Grandmothers_Of_Plaza_De_Mayo.jpg\" alt=\"\" class=\"wp-image-142\" style=\"width:620px;height:auto\" srcset=\"https:\/\/humanitieslab.goucher.edu\/argentina\/wp-content\/uploads\/sites\/27\/2024\/12\/Grandmothers_Of_Plaza_De_Mayo.jpg 1773w, https:\/\/humanitieslab.goucher.edu\/argentina\/wp-content\/uploads\/sites\/27\/2024\/12\/Grandmothers_Of_Plaza_De_Mayo-300x201.jpg 300w, https:\/\/humanitieslab.goucher.edu\/argentina\/wp-content\/uploads\/sites\/27\/2024\/12\/Grandmothers_Of_Plaza_De_Mayo-1024x687.jpg 1024w, https:\/\/humanitieslab.goucher.edu\/argentina\/wp-content\/uploads\/sites\/27\/2024\/12\/Grandmothers_Of_Plaza_De_Mayo-768x515.jpg 768w, https:\/\/humanitieslab.goucher.edu\/argentina\/wp-content\/uploads\/sites\/27\/2024\/12\/Grandmothers_Of_Plaza_De_Mayo-1536x1031.jpg 1536w\" sizes=\"auto, (max-width: 1773px) 100vw, 1773px\" \/><figcaption class=\"wp-element-caption\">Una manifestaci\u00f3n de las Madres de Plaza de Mayo. Las Madres eran uno de los movimientos m\u00e1s conocidos que luchaba contra la represi\u00f3n de la \u00faltima junta militar en Argentina. <a href=\"https:\/\/i0.wp.com\/buenosairesherald.com\/wp-content\/uploads\/2023\/03\/Grandmothers_Of_Plaza_De_Mayo.jpg?w=1773&amp;ssl=1\">https:\/\/i0.wp.com\/buenosairesherald.com\/wp-content\/uploads\/2023\/03\/Grandmothers_Of_Plaza_De_Mayo.jpg?w=1773&amp;ssl=1<\/a><\/figcaption><\/figure>\n\n\n\n<p>La guerra sucia fue una \u00e9poca en la historia moderna de Argentina que duro por 1976-1983.<br><br>En el 24 de marzo 1976, los fuerzos militares, dirigidos por Jorge Rafael Videla, invadieron el palacio presidencial, la Casa Rosada, en el capital de Buenos Aires, y depusieron la Presidente Isabel Per\u00f3n. Instituyeron un gobierno militar dirigido por Videla, que reino hasta 1981. Fue sucedido por varios militares en los siguiente dos a\u00f1os, los m\u00e1s notables entre ellos siendo Roberto Eduardo Viola, Leopoldo Galtieri, y Reynaldo Bignone.<br><br>Se distingue la guerra sucia por su crueldad y represi\u00f3n que ven\u00eda por la parte del gobierno militar que rein\u00f3 durante esta \u00e9poca; fuentes oficiales reportan que hab\u00eda unos 30.000 personas que fueron <em>desaparecidos<\/em> por el gobierno durante estos siete a\u00f1os.<br><br>Inicialmente, el gobierno busc\u00f3 justificar las pr\u00e1cticas represivas con decir que tal campa\u00f1a fue dirigida a influencias comunistas en Argentina, pero gradualmente se expandi\u00f3 a acosar la etiqueta bien general de &#8220;subversivos.&#8221; Tal cambio sirvi\u00f3 para hacer que las desapariciones volvieron m\u00e1s al azares.<br><br>Uno de los grupos m\u00e1s importantes que desafi\u00f3 el gobierno militar durante guerra sucia fue las Madres de Plaza de Mayo. Las Madres fueron un grupo de manifestantes que demandaron justicia para sus hijos desaparecidos; fueron bien reconocidas por sus t\u00e1cticas no violentas y su uso de la imagener\u00eda de pa\u00f1uelos blancos.<br><br>La resistencia no violenta de las Madres, y el entendimiento nacional de ellas como madres en luto antes que oponentes de la dictadura militar, sirvi\u00f3 a cambiar la percepci\u00f3n nacional de los desaparecidos; menos y menos fueron entendidos como radicales que presentaban un peligro existencial al pa\u00eds, y m\u00e1s y m\u00e1s fueron percibidos como victimas de un regimen represiva con familias destruidas.<br><\/p>\n\n\n\n<h3 class=\"wp-block-heading\">Despu\u00e9s de la guerra sucia<\/h3>\n\n\n\n<figure class=\"wp-block-image size-large is-resized\"><img loading=\"lazy\" decoding=\"async\" width=\"1024\" height=\"686\" src=\"https:\/\/humanitieslab.goucher.edu\/argentina\/wp-content\/uploads\/sites\/27\/2024\/12\/Screenshot-2024-12-09-at-18.11.44-1024x686.png\" alt=\"\" class=\"wp-image-143\" style=\"width:437px;height:auto\" srcset=\"https:\/\/humanitieslab.goucher.edu\/argentina\/wp-content\/uploads\/sites\/27\/2024\/12\/Screenshot-2024-12-09-at-18.11.44-1024x686.png 1024w, https:\/\/humanitieslab.goucher.edu\/argentina\/wp-content\/uploads\/sites\/27\/2024\/12\/Screenshot-2024-12-09-at-18.11.44-300x201.png 300w, https:\/\/humanitieslab.goucher.edu\/argentina\/wp-content\/uploads\/sites\/27\/2024\/12\/Screenshot-2024-12-09-at-18.11.44-768x514.png 768w, https:\/\/humanitieslab.goucher.edu\/argentina\/wp-content\/uploads\/sites\/27\/2024\/12\/Screenshot-2024-12-09-at-18.11.44.png 1036w\" sizes=\"auto, (max-width: 1024px) 100vw, 1024px\" \/><figcaption class=\"wp-element-caption\">El presidente Ra\u00fal Alfons\u00edn recibe el reporte final de la Comisi\u00f3n Nacional sobre la Desaparici\u00f3n de Personas (CONADEP) en 1984. Alfons\u00edn fue el primer presidente despu\u00e9s de la junta militar en Argentina, y monitore\u00f3 la transici\u00f3n a la democracia. <a href=\"http:\/\/elearning.asia-ajar.org\/wp-content\/uploads\/2021\/11\/conadep-300x200.jpeg\">http:\/\/elearning.asia-ajar.org\/wp-content\/uploads\/2021\/11\/conadep-300&#215;200.jpeg<\/a><\/figcaption><\/figure>\n\n\n\n<p>La transici\u00f3n hacia la democracia empez\u00f3 lentamente durante la presidencia de Reynaldo Bignone, el \u00faltimo presidente asociado con la \u00e9poca militar; el proceso de exhumaci\u00f3n de los cuerpos de los desaparecidos empez\u00f3 en 1982.<br><br>Sin embargo, la guerra sucia en s\u00ed se acab\u00f3 oficialmente en 1983 con la ascensi\u00f3n de Ra\u00fal Alfons\u00edn a la presidencia; su llegada marc\u00f3 la transici\u00f3n a la democracia para Argentina en la historia contempor\u00e1nea del pa\u00eds. En los primeros d\u00edas de su presidencia, Alfons\u00edn estableci\u00f3 la Comisi\u00f3n Nacional sobre la Desaparici\u00f3n de Personas (CONADEP), cuya meta fue investigar la historia de las desapariciones durante los a\u00f1os de la junta militar para establecer un caso contra este gobierno. La CONADEP public\u00f3 su reporte final del siguiente a\u00f1o, en 1984, ofreciendo al p\u00fablico argentino un fuente comprensiva de la historia de la represi\u00f3n de la junta y la corrupci\u00f3n all\u00ed dentro por la primera vez.<br><br>El pr\u00f3ximo a\u00f1o, en 1985, empez\u00f3 el Juicio de las Juntas, que dur\u00f3 entre Abril y Diciembre de ese a\u00f1o. Dos militares de alto rango recibieron un veredicto de cadena perpet\u00faa, entre ellos Videla y Emilio Eduardo Massera, un oficial Naval. Tres militares &#8211; Viola, Orlando Ram\u00f3n Agosti, y Armando Lambruschini &#8211; recibieron entre cuatro y diecisiete a\u00f1os en presa. Los cuatro restantes oficiales que fueron juzgados &#8211; Galtieri, Omar Graffigna, Jorge Anaya, y Basilio Lami Dozo &#8211; fueron absueltos.<\/p>\n","protected":false},"excerpt":{"rendered":"<p>La guerra sucia de Argentina \u00bfQu\u00e9 fue la guerra sucia de Argentina? La guerra sucia fue una \u00e9poca en la historia moderna de Argentina que duro por 1976-1983. En el 24 de marzo 1976, los fuerzos militares, dirigidos por Jorge Rafael Videla, invadieron el palacio presidencial, la Casa Rosada, en el capital de Buenos Aires, [&hellip;]<\/p>\n","protected":false},"author":57,"featured_media":0,"parent":0,"menu_order":0,"comment_status":"closed","ping_status":"closed","template":"","meta":{"_monsterinsights_skip_tracking":false,"_monsterinsights_sitenote_active":false,"_monsterinsights_sitenote_note":"","_monsterinsights_sitenote_category":0,"footnotes":""},"class_list":["post-27","page","type-page","status-publish","hentry"],"_links":{"self":[{"href":"https:\/\/humanitieslab.goucher.edu\/argentina\/wp-json\/wp\/v2\/pages\/27","targetHints":{"allow":["GET"]}}],"collection":[{"href":"https:\/\/humanitieslab.goucher.edu\/argentina\/wp-json\/wp\/v2\/pages"}],"about":[{"href":"https:\/\/humanitieslab.goucher.edu\/argentina\/wp-json\/wp\/v2\/types\/page"}],"author":[{"embeddable":true,"href":"https:\/\/humanitieslab.goucher.edu\/argentina\/wp-json\/wp\/v2\/users\/57"}],"replies":[{"embeddable":true,"href":"https:\/\/humanitieslab.goucher.edu\/argentina\/wp-json\/wp\/v2\/comments?post=27"}],"version-history":[{"count":7,"href":"https:\/\/humanitieslab.goucher.edu\/argentina\/wp-json\/wp\/v2\/pages\/27\/revisions"}],"predecessor-version":[{"id":144,"href":"https:\/\/humanitieslab.goucher.edu\/argentina\/wp-json\/wp\/v2\/pages\/27\/revisions\/144"}],"wp:attachment":[{"href":"https:\/\/humanitieslab.goucher.edu\/argentina\/wp-json\/wp\/v2\/media?parent=27"}],"curies":[{"name":"wp","href":"https:\/\/api.w.org\/{rel}","templated":true}]}}