{"id":34,"date":"2024-12-09T21:47:04","date_gmt":"2024-12-09T21:47:04","guid":{"rendered":"https:\/\/humanitieslab.goucher.edu\/argentina\/?page_id=34"},"modified":"2024-12-09T21:47:04","modified_gmt":"2024-12-09T21:47:04","slug":"arte-visual","status":"publish","type":"page","link":"https:\/\/humanitieslab.goucher.edu\/argentina\/arte-visual\/","title":{"rendered":"Arte visual"},"content":{"rendered":"\n<p>El arte visual es un parte muy importante de la cultura de un pa\u00eds. Es una manera de expresar emociones sobre su herencia, cultura, o historia. Tambi\u00e9n es una manera de expresar sus opiniones pol\u00edticas. Todos estos aspectos son visibles en el arte en Argentina, especialmente alrededor de la guerra sucia. <\/p>\n\n\n\n<p>Dos de las formas de arte visual que son relevantes de la guerra sucia incluyan el arte correo, o &#8220;mail art&#8221;, que muchos artistas argentinos hicieron en los a\u00f1os de la guerra, y el grafiti\/los murales, que son recordatorios contempor\u00e1neos de lo que pas\u00f3 entre 1976 y 1983.<\/p>\n\n\n\n<h2 class=\"wp-block-heading\">Arte correo: arte creado y enviado por correo durante la guerra sucia<\/h2>\n\n\n\n<p>En 1972, el artista argentino Horacio <a href=\"https:\/\/www.henriquefaria.com\/exhibition-about.php?id=145\" data-type=\"link\" data-id=\"https:\/\/www.henriquefaria.com\/exhibition-about.php?id=145\">Zabala<\/a> dijo &#8220;Hoy el arte es una c\u00e1rcel&#8221;. En estos tiempos, hab\u00eda un gran movimiento pol\u00edtico a la derecha en Am\u00e9rica Latina. Con esto, fuera mucha censura (una guerra contra la libertad de expresi\u00f3n) de opiniones que se oponen el gobierno.<\/p>\n\n\n\n<p>El movimiento del arte correo fue introducido a los artistas latinoamericanos durante este tiempo como forma de rebeli\u00f3n de las dictaduras en Am\u00e9rica Latina. Era una manera de expresar sus opiniones, y para crear y compartir su arte con otras artistas alrededor del mundo, en una forma no censurada ni silenciado. Esta forma de arte implica la creaci\u00f3n de arte en una escala peque\u00f1a y el env\u00edo de este arte a otras artistas similares.<\/p>\n\n\n\n<p>Con Zabala, artistas como Edgardo Antonio Vigo, Graciela Guti\u00e9rrez Marx y m\u00e1s, participaban en el arte correo.<\/p>\n\n\n\n<figure class=\"wp-block-image size-large is-resized\"><img loading=\"lazy\" decoding=\"async\" width=\"600\" height=\"828\" src=\"https:\/\/humanitieslab.goucher.edu\/argentina\/wp-content\/uploads\/sites\/27\/2024\/12\/m_1979-00-00_Zabala_Mr_Klein_Coordinate_Publication_001.jpg\" alt=\"\" class=\"wp-image-85\" style=\"width:572px;height:auto\" srcset=\"https:\/\/humanitieslab.goucher.edu\/argentina\/wp-content\/uploads\/sites\/27\/2024\/12\/m_1979-00-00_Zabala_Mr_Klein_Coordinate_Publication_001.jpg 600w, https:\/\/humanitieslab.goucher.edu\/argentina\/wp-content\/uploads\/sites\/27\/2024\/12\/m_1979-00-00_Zabala_Mr_Klein_Coordinate_Publication_001-217x300.jpg 217w\" sizes=\"auto, (max-width: 600px) 100vw, 600px\" \/><figcaption class=\"wp-element-caption\">Horacio Zabala (1979)<a href=\"https:\/\/www.lomholtmailartarchive.dk\/networkers\/horacio-zabala\/1979-00-00-zabala-mr-klein-coordinate-publication\">https:\/\/www.lomholtmailartarchive.dk\/networkers\/horacio-zabala\/1979-00-00-zabala-mr-klein-coordinate-publication<\/a>  <\/figcaption><\/figure>\n\n\n\n<figure class=\"wp-block-image size-large is-resized\"><img loading=\"lazy\" decoding=\"async\" width=\"747\" height=\"1024\" src=\"https:\/\/humanitieslab.goucher.edu\/argentina\/wp-content\/uploads\/sites\/27\/2024\/12\/1981-08-04_Vigo_003-747x1024.jpg\" alt=\"\" class=\"wp-image-86\" style=\"width:571px;height:auto\" srcset=\"https:\/\/humanitieslab.goucher.edu\/argentina\/wp-content\/uploads\/sites\/27\/2024\/12\/1981-08-04_Vigo_003-747x1024.jpg 747w, https:\/\/humanitieslab.goucher.edu\/argentina\/wp-content\/uploads\/sites\/27\/2024\/12\/1981-08-04_Vigo_003-219x300.jpg 219w, https:\/\/humanitieslab.goucher.edu\/argentina\/wp-content\/uploads\/sites\/27\/2024\/12\/1981-08-04_Vigo_003-768x1053.jpg 768w, https:\/\/humanitieslab.goucher.edu\/argentina\/wp-content\/uploads\/sites\/27\/2024\/12\/1981-08-04_Vigo_003-1121x1536.jpg 1121w, https:\/\/humanitieslab.goucher.edu\/argentina\/wp-content\/uploads\/sites\/27\/2024\/12\/1981-08-04_Vigo_003.jpg 1401w\" sizes=\"auto, (max-width: 747px) 100vw, 747px\" \/><figcaption class=\"wp-element-caption\">Eduardo Antonio Vigo (1981)<a href=\"https:\/\/www.lomholtmailartarchive.dk\/networkers\/edgardo-antonio-vigo\/1981-08-04-vigo\">https:\/\/www.lomholtmailartarchive.dk\/networkers\/edgardo-antonio-vigo\/1981-08-04-vigo<\/a> <\/figcaption><\/figure>\n\n\n\n<figure class=\"wp-block-image size-large\"><img loading=\"lazy\" decoding=\"async\" width=\"1024\" height=\"738\" src=\"https:\/\/humanitieslab.goucher.edu\/argentina\/wp-content\/uploads\/sites\/27\/2024\/12\/1980-03-00_Marx_027-1024x738.jpg\" alt=\"\" class=\"wp-image-87\" srcset=\"https:\/\/humanitieslab.goucher.edu\/argentina\/wp-content\/uploads\/sites\/27\/2024\/12\/1980-03-00_Marx_027-1024x738.jpg 1024w, https:\/\/humanitieslab.goucher.edu\/argentina\/wp-content\/uploads\/sites\/27\/2024\/12\/1980-03-00_Marx_027-300x216.jpg 300w, https:\/\/humanitieslab.goucher.edu\/argentina\/wp-content\/uploads\/sites\/27\/2024\/12\/1980-03-00_Marx_027-768x553.jpg 768w, https:\/\/humanitieslab.goucher.edu\/argentina\/wp-content\/uploads\/sites\/27\/2024\/12\/1980-03-00_Marx_027-1536x1106.jpg 1536w, https:\/\/humanitieslab.goucher.edu\/argentina\/wp-content\/uploads\/sites\/27\/2024\/12\/1980-03-00_Marx_027.jpg 1920w\" sizes=\"auto, (max-width: 1024px) 100vw, 1024px\" \/><figcaption class=\"wp-element-caption\">Graciela Guti\u00e9rrez Marx (1980)<a href=\"https:\/\/www.lomholtmailartarchive.dk\/networkers\/graciela-gutierrez-marx\/1980-03-00-marx\">https:\/\/www.lomholtmailartarchive.dk\/networkers\/graciela-gutierrez-marx\/1980-03-00-marx <\/a><\/figcaption><\/figure>\n\n\n\n<figure class=\"wp-block-image size-large is-resized is-style-default\"><img loading=\"lazy\" decoding=\"async\" width=\"600\" height=\"321\" src=\"https:\/\/humanitieslab.goucher.edu\/argentina\/wp-content\/uploads\/sites\/27\/2024\/12\/m_1984-07-16_Orta_001.jpg\" alt=\"\" class=\"wp-image-84\" style=\"width:620px;height:auto\" srcset=\"https:\/\/humanitieslab.goucher.edu\/argentina\/wp-content\/uploads\/sites\/27\/2024\/12\/m_1984-07-16_Orta_001.jpg 600w, https:\/\/humanitieslab.goucher.edu\/argentina\/wp-content\/uploads\/sites\/27\/2024\/12\/m_1984-07-16_Orta_001-300x161.jpg 300w\" sizes=\"auto, (max-width: 600px) 100vw, 600px\" \/><figcaption class=\"wp-element-caption\">Maria y Jorge Orta (1984)<a href=\"https:\/\/www.lomholtmailartarchive.dk\/networkers\/maria-jorge-orta\/1984-07-16-orta\">https:\/\/www.lomholtmailartarchive.dk\/networkers\/maria-jorge-orta\/1984-07-16-orta <\/a><\/figcaption><\/figure>\n\n\n\n<h2 class=\"wp-block-heading\">Graffiti y murales: un recordatorio de la guerra sucia en Argentina<\/h2>\n\n\n\n<p>Durante la guerra, personas que estaban contra la junta militar fueron desaparecidos, y eso incluso artistas que produjeron arte pol\u00edtica. <\/p>\n\n\n\n<p>En Buenos Aires, hay mucha arte p\u00fablico como grafiti y murales en las paredes de la ciudad que representan los eventos de la guerra sucia y el movimiento de las Madres de la Plaza de Mayo.<\/p>\n\n\n\n<p>Por abajo, puedes ver una galer\u00eda virtual de algunos murales que esta o estaba en Buenos Aires. <\/p>\n\n\n\n<figure class=\"wp-block-image size-large is-resized\"><img loading=\"lazy\" decoding=\"async\" width=\"725\" height=\"1139\" src=\"https:\/\/humanitieslab.goucher.edu\/argentina\/wp-content\/uploads\/sites\/27\/2024\/12\/11-img-mothers-head-kerchiefs-plaza-de-mayo-2002-edited.jpg\" alt=\"\" class=\"wp-image-107\" style=\"width:328px;height:auto\" srcset=\"https:\/\/humanitieslab.goucher.edu\/argentina\/wp-content\/uploads\/sites\/27\/2024\/12\/11-img-mothers-head-kerchiefs-plaza-de-mayo-2002-edited.jpg 725w, https:\/\/humanitieslab.goucher.edu\/argentina\/wp-content\/uploads\/sites\/27\/2024\/12\/11-img-mothers-head-kerchiefs-plaza-de-mayo-2002-edited-191x300.jpg 191w, https:\/\/humanitieslab.goucher.edu\/argentina\/wp-content\/uploads\/sites\/27\/2024\/12\/11-img-mothers-head-kerchiefs-plaza-de-mayo-2002-edited-652x1024.jpg 652w\" sizes=\"auto, (max-width: 725px) 100vw, 725px\" \/><figcaption class=\"wp-element-caption\">Pa\u00f1uelos blancos en la Plaza de Mayo, foto por Yovanna Pineda (2002)<a href=\"https:\/\/themetropole.blog\/2018\/05\/14\/graffiti-art-protest-and-memory-in-the-plaza-de-mayo-buenos-aires-city\/\">https:\/\/themetropole.blog\/2018\/05\/14\/graffiti-art-protest-and-memory-in-the-plaza-de-mayo-buenos-aires-city\/ <\/a><\/figcaption><\/figure>\n\n\n\n<figure class=\"wp-block-image size-large is-resized\"><img loading=\"lazy\" decoding=\"async\" width=\"1024\" height=\"674\" src=\"https:\/\/humanitieslab.goucher.edu\/argentina\/wp-content\/uploads\/sites\/27\/2024\/12\/17-img-ni-ovido-ni-perdon-pineda-2017-1024x674.webp\" alt=\"\" class=\"wp-image-104\" style=\"width:609px;height:auto\" srcset=\"https:\/\/humanitieslab.goucher.edu\/argentina\/wp-content\/uploads\/sites\/27\/2024\/12\/17-img-ni-ovido-ni-perdon-pineda-2017-1024x674.webp 1024w, https:\/\/humanitieslab.goucher.edu\/argentina\/wp-content\/uploads\/sites\/27\/2024\/12\/17-img-ni-ovido-ni-perdon-pineda-2017-300x198.webp 300w, https:\/\/humanitieslab.goucher.edu\/argentina\/wp-content\/uploads\/sites\/27\/2024\/12\/17-img-ni-ovido-ni-perdon-pineda-2017-768x506.webp 768w, https:\/\/humanitieslab.goucher.edu\/argentina\/wp-content\/uploads\/sites\/27\/2024\/12\/17-img-ni-ovido-ni-perdon-pineda-2017.webp 1200w\" sizes=\"auto, (max-width: 1024px) 100vw, 1024px\" \/><figcaption class=\"wp-element-caption\">Ni Olvido Ni Perd\u00f3n, foto por Yovanna Pineda (2017)<a href=\"https:\/\/themetropole.blog\/2018\/05\/14\/graffiti-art-protest-and-memory-in-the-plaza-de-mayo-buenos-aires-city\/\">https:\/\/themetropole.blog\/2018\/05\/14\/graffiti-art-protest-and-memory-in-the-plaza-de-mayo-buenos-aires-city\/ <\/a><\/figcaption><\/figure>\n\n\n\n<figure class=\"wp-block-image size-large\"><img loading=\"lazy\" decoding=\"async\" width=\"700\" height=\"525\" src=\"https:\/\/humanitieslab.goucher.edu\/argentina\/wp-content\/uploads\/sites\/27\/2024\/12\/dictadura.webp\" alt=\"\" class=\"wp-image-102\" srcset=\"https:\/\/humanitieslab.goucher.edu\/argentina\/wp-content\/uploads\/sites\/27\/2024\/12\/dictadura.webp 700w, https:\/\/humanitieslab.goucher.edu\/argentina\/wp-content\/uploads\/sites\/27\/2024\/12\/dictadura-300x225.webp 300w\" sizes=\"auto, (max-width: 700px) 100vw, 700px\" \/><figcaption class=\"wp-element-caption\">Plantilla de graffiti: foto por BA Street Art<a href=\"https:\/\/buenosairesstreetart.com\/2012\/07\/buenos-aires-graffiti-of-videla-and-the-argentina-dictatorship\/\">https:\/\/buenosairesstreetart.com\/2012\/07\/buenos-aires-graffiti-of-videla-and-the-argentina-dictatorship\/<\/a><\/figcaption><\/figure>\n\n\n\n<figure class=\"wp-block-image size-large\"><img loading=\"lazy\" decoding=\"async\" width=\"700\" height=\"526\" src=\"https:\/\/humanitieslab.goucher.edu\/argentina\/wp-content\/uploads\/sites\/27\/2024\/12\/videla-dictadura-argentina-dictatorship-graffiti-buenosairesstreetart.com_-e1585066242160.jpg\" alt=\"\" class=\"wp-image-103\" srcset=\"https:\/\/humanitieslab.goucher.edu\/argentina\/wp-content\/uploads\/sites\/27\/2024\/12\/videla-dictadura-argentina-dictatorship-graffiti-buenosairesstreetart.com_-e1585066242160.jpg 700w, https:\/\/humanitieslab.goucher.edu\/argentina\/wp-content\/uploads\/sites\/27\/2024\/12\/videla-dictadura-argentina-dictatorship-graffiti-buenosairesstreetart.com_-e1585066242160-300x225.jpg 300w\" sizes=\"auto, (max-width: 700px) 100vw, 700px\" \/><figcaption class=\"wp-element-caption\">Plantilla de graffiti: los dictadores Emilio Massera, Jorge Rafael Videla (al centro) y Orlando Agosti, foto por BA Street Art <a href=\"https:\/\/buenosairesstreetart.com\/2012\/07\/buenos-aires-graffiti-of-videla-and-the-argentina-dictatorship\/\">https:\/\/buenosairesstreetart.com\/2012\/07\/buenos-aires-graffiti-of-videla-and-the-argentina-dictatorship\/<\/a><\/figcaption><\/figure>\n\n\n\n<figure class=\"wp-block-image size-large\"><img loading=\"lazy\" decoding=\"async\" width=\"600\" height=\"400\" src=\"https:\/\/humanitieslab.goucher.edu\/argentina\/wp-content\/uploads\/sites\/27\/2024\/12\/5616.webp\" alt=\"\" class=\"wp-image-101\" srcset=\"https:\/\/humanitieslab.goucher.edu\/argentina\/wp-content\/uploads\/sites\/27\/2024\/12\/5616.webp 600w, https:\/\/humanitieslab.goucher.edu\/argentina\/wp-content\/uploads\/sites\/27\/2024\/12\/5616-300x200.webp 300w\" sizes=\"auto, (max-width: 600px) 100vw, 600px\" \/><figcaption class=\"wp-element-caption\"><a href=\"https:\/\/www.theguardian.com\/global-development\/2023\/jan\/16\/tracing-stolen-children-of-argentina-dirty-war\">https:\/\/www.theguardian.com\/global-development\/2023\/jan\/16\/tracing-stolen-children-of-argentina-dirty-war<br><\/a> <\/figcaption><\/figure>\n","protected":false},"excerpt":{"rendered":"<p>El arte visual es un parte muy importante de la cultura de un pa\u00eds. Es una manera de expresar emociones sobre su herencia, cultura, o historia. Tambi\u00e9n es una manera de expresar sus opiniones pol\u00edticas. Todos estos aspectos son visibles en el arte en Argentina, especialmente alrededor de la guerra sucia. Dos de las formas [&hellip;]<\/p>\n","protected":false},"author":57,"featured_media":0,"parent":0,"menu_order":0,"comment_status":"closed","ping_status":"closed","template":"","meta":{"_monsterinsights_skip_tracking":false,"_monsterinsights_sitenote_active":false,"_monsterinsights_sitenote_note":"","_monsterinsights_sitenote_category":0,"footnotes":""},"class_list":["post-34","page","type-page","status-publish","hentry"],"_links":{"self":[{"href":"https:\/\/humanitieslab.goucher.edu\/argentina\/wp-json\/wp\/v2\/pages\/34","targetHints":{"allow":["GET"]}}],"collection":[{"href":"https:\/\/humanitieslab.goucher.edu\/argentina\/wp-json\/wp\/v2\/pages"}],"about":[{"href":"https:\/\/humanitieslab.goucher.edu\/argentina\/wp-json\/wp\/v2\/types\/page"}],"author":[{"embeddable":true,"href":"https:\/\/humanitieslab.goucher.edu\/argentina\/wp-json\/wp\/v2\/users\/57"}],"replies":[{"embeddable":true,"href":"https:\/\/humanitieslab.goucher.edu\/argentina\/wp-json\/wp\/v2\/comments?post=34"}],"version-history":[{"count":8,"href":"https:\/\/humanitieslab.goucher.edu\/argentina\/wp-json\/wp\/v2\/pages\/34\/revisions"}],"predecessor-version":[{"id":108,"href":"https:\/\/humanitieslab.goucher.edu\/argentina\/wp-json\/wp\/v2\/pages\/34\/revisions\/108"}],"wp:attachment":[{"href":"https:\/\/humanitieslab.goucher.edu\/argentina\/wp-json\/wp\/v2\/media?parent=34"}],"curies":[{"name":"wp","href":"https:\/\/api.w.org\/{rel}","templated":true}]}}