{"id":158,"date":"2024-12-09T23:30:25","date_gmt":"2024-12-09T23:30:25","guid":{"rendered":"https:\/\/humanitieslab.goucher.edu\/chile\/?page_id=158"},"modified":"2024-12-10T19:21:37","modified_gmt":"2024-12-10T19:21:37","slug":"gastronomia-mapuche","status":"publish","type":"page","link":"https:\/\/humanitieslab.goucher.edu\/chile\/gastronomia-mapuche\/","title":{"rendered":"Cultura Mapuche"},"content":{"rendered":"\n<p class=\"has-large-font-size\">La cultura mapuche es diversa y extensiva. Nos enfocamos sobre sus platillos y ropa t\u00edpica:<\/p>\n\n\n\n<h2 class=\"wp-block-heading\">Curanto <\/h2>\n\n\n\n<p>El curanto no solo es un platillo, sino tambi\u00e9n es una forma de cocinar.  <\/p>\n\n\n\n<figure class=\"wp-block-image size-full\"><img loading=\"lazy\" decoding=\"async\" width=\"1000\" height=\"600\" src=\"https:\/\/humanitieslab.goucher.edu\/chile\/wp-content\/uploads\/sites\/31\/2024\/12\/CURANTO.jpg\" alt=\"\" class=\"wp-image-275\" srcset=\"https:\/\/humanitieslab.goucher.edu\/chile\/wp-content\/uploads\/sites\/31\/2024\/12\/CURANTO.jpg 1000w, https:\/\/humanitieslab.goucher.edu\/chile\/wp-content\/uploads\/sites\/31\/2024\/12\/CURANTO-300x180.jpg 300w, https:\/\/humanitieslab.goucher.edu\/chile\/wp-content\/uploads\/sites\/31\/2024\/12\/CURANTO-768x461.jpg 768w\" sizes=\"auto, (max-width: 1000px) 100vw, 1000px\" \/><figcaption class=\"wp-element-caption\"><em>The Huilliche hope to serve as a model for other Indigenous groups defending both cultural and natural heritage<\/em>. <br><br>Kohut, Meridith. Jan. 2024. How Bountiful Seas Could Help an Indigenous Community Keep a Thousand-Year Old Dish Alive, World Wide Fund for Nature, https:\/\/www.worldwildlife.org\/stories\/how-bountiful-seas-could-help-an-indigenous-community-keep-a-thousand-year-old-dish-alive.<\/figcaption><\/figure>\n\n\n\n<details class=\"wp-block-details is-layout-flow wp-block-details-is-layout-flow\"><summary>Historia<\/summary>\n<p>El curanto es un acto comunitario. Es una cocina comunal porque toma gran esfuerzo en preparar y se reparte la mano de obra entre los vecinos y\/o familia. <\/p>\n\n\n\n<p>Utiliza los ingredientes que est\u00e1n al alcance de las personas que lo preparan, ya sea dentro de sus hogares o lo que provee la tierra. Aunque no haya una receta oficial, un ingrediente esencial es: los mariscos. <\/p>\n<\/details>\n\n\n\n<details class=\"wp-block-details is-layout-flow wp-block-details-is-layout-flow\"><summary>M\u00e9todo<\/summary>\n<p>Se hace un hoyo dentro la tierra y se coloca piedras calientes con le\u00f1a alrededor para simular un horno subterr\u00e1neo. Encima de las piedras se coloca ingredientes como: mariscos, papas, carnes, etc. Los ruibarbos gigantes sirven como tapaderas para cubrir el platillo y protegerlo del viento.  <\/p>\n\n\n\n<p>Dependiendo la cantidad y expereincia de los cocineros, puede tomar hasta 4 horas para cocinar. Por esta raz\u00f3n, se ve como una celebracion y una forma de convivir en comunidad. <\/p>\n<\/details>\n\n\n\n<h2 class=\"wp-block-heading\">Ropa T\u00edpica <\/h2>\n\n\n\n<p>Los Mapuches son conocidos por el tejido, muchas de los prendas est\u00e1n hechas de lana. Hist\u00f3ricamente, usan la lana de llama y guanaco m\u00e1s frecuente. Hoy en d\u00eda es m\u00e1s com\u00fan que usan lana de cordero.<\/p>\n\n\n\n<h6 class=\"wp-block-heading has-normal-font-size\">k\u00fcpam &#8211; <\/h6>\n\n\n\n<p>un accesorio de vestido, se siento en los hombros un pieza de tela.<\/p>\n\n\n\n<figure class=\"wp-block-image size-full\"><img decoding=\"async\" src=\"https:\/\/blogpatagonia.australis.com\/wp-content\/uploads\/2017\/06\/iStock-458713257.jpg\" alt=\"chile traditional clothing\" class=\"wp-image-10531\" \/><figcaption class=\"wp-element-caption\">(Alarc\u00f3n Pradena)<\/figcaption><\/figure>\n\n\n\n<p>Una foto donde demuestra un k\u00fcpam. Es la prenda cubre toda la espalda. los k\u00fcpam son hechos de lana y normalmente son colores m\u00e1s oscuros.<\/p>\n\n\n\n<h6 class=\"wp-block-heading\">MaKu\u00f1 &#8211;<\/h6>\n\n\n\n<p>un tunica con una silueta similar a un poncho. Est pieza de ropa representa la masculinidad. <\/p>\n\n\n\n<hr class=\"wp-block-separator has-alpha-channel-opacity\" \/>\n\n\n\n<p class=\"has-text-align-center\"><strong>Bibliograf\u00eda<\/strong><\/p>\n\n\n\n<ul class=\"wp-block-list\">\n<li class=\"has-small-font-size\">Cordero, Lorena. \u201cMaku\u00f1.\u201d <em>Inicio<\/em>, Bienes Patrimonials, www.tesauroregional.cl\/terminos\/254. <\/li>\n\n\n\n<li class=\"has-small-font-size\">Kohut, Meridith. The Huilliche hope to serve as a model for other Indigenous groups defending both cultural and natural heritage. Jan. 2024. How Bountiful Seas Could Help an Indigenous Community Keep a Thousand-Year Old Dish Alive, World Wide Fund for Nature, https:\/\/www.worldwildlife.org\/stories\/how-bountiful-seas-could-help-an-indigenous-community-keep-a-thousand-year-old-dish-alive.<\/li>\n\n\n\n<li class=\"has-small-font-size\">\u201cA History of Chile Traditional Clothing and Where Best to See It.\u201d <em>Patagonia and Other Adventure Travel Destinations<\/em>, Australis, 3 July 2017, blogpatagonia.australis.com\/chile-traditional-clothing\/.<\/li>\n\n\n\n<li class=\"has-small-font-size\">\u201cCocina Mapuche, Sabor Sure\u00f1o | Cultura.\u201d Secretar\u00eda de Cultura: Ministerio de Capital Humano, 1 Dec. 2020, www.cultura.gob.ar\/cocina-mapuche-el-sabor-de-la-tierra-9820\/.<\/li>\n\n\n\n<li class=\"has-small-font-size\">\u201cMemoria Chilena.\u201d <em>Indumentaria &#8211; Memoria Chilena<\/em>, Biblioteca Nacional de Chile, www.memoriachilena.gob.cl\/602\/w3-article-95489.html. <\/li>\n<\/ul>\n","protected":false},"excerpt":{"rendered":"<p>La cultura mapuche es diversa y extensiva. Nos enfocamos sobre sus platillos y ropa t\u00edpica: Curanto El curanto no solo es un platillo, sino tambi\u00e9n es una forma de cocinar. Ropa T\u00edpica Los Mapuches son conocidos por el tejido, muchas de los prendas est\u00e1n hechas de lana. Hist\u00f3ricamente, usan la lana de llama y guanaco [&hellip;]<\/p>\n","protected":false},"author":68,"featured_media":0,"parent":0,"menu_order":0,"comment_status":"closed","ping_status":"closed","template":"","meta":{"_monsterinsights_skip_tracking":false,"_monsterinsights_sitenote_active":false,"_monsterinsights_sitenote_note":"","_monsterinsights_sitenote_category":0,"footnotes":""},"class_list":["post-158","page","type-page","status-publish","hentry"],"_links":{"self":[{"href":"https:\/\/humanitieslab.goucher.edu\/chile\/wp-json\/wp\/v2\/pages\/158","targetHints":{"allow":["GET"]}}],"collection":[{"href":"https:\/\/humanitieslab.goucher.edu\/chile\/wp-json\/wp\/v2\/pages"}],"about":[{"href":"https:\/\/humanitieslab.goucher.edu\/chile\/wp-json\/wp\/v2\/types\/page"}],"author":[{"embeddable":true,"href":"https:\/\/humanitieslab.goucher.edu\/chile\/wp-json\/wp\/v2\/users\/68"}],"replies":[{"embeddable":true,"href":"https:\/\/humanitieslab.goucher.edu\/chile\/wp-json\/wp\/v2\/comments?post=158"}],"version-history":[{"count":16,"href":"https:\/\/humanitieslab.goucher.edu\/chile\/wp-json\/wp\/v2\/pages\/158\/revisions"}],"predecessor-version":[{"id":291,"href":"https:\/\/humanitieslab.goucher.edu\/chile\/wp-json\/wp\/v2\/pages\/158\/revisions\/291"}],"wp:attachment":[{"href":"https:\/\/humanitieslab.goucher.edu\/chile\/wp-json\/wp\/v2\/media?parent=158"}],"curies":[{"name":"wp","href":"https:\/\/api.w.org\/{rel}","templated":true}]}}