{"id":25,"date":"2024-12-09T18:00:11","date_gmt":"2024-12-09T18:00:11","guid":{"rendered":"https:\/\/humanitieslab.goucher.edu\/chile\/?page_id=25"},"modified":"2024-12-10T16:53:57","modified_gmt":"2024-12-10T16:53:57","slug":"geografia-de-chile","status":"publish","type":"page","link":"https:\/\/humanitieslab.goucher.edu\/chile\/geografia-de-chile\/","title":{"rendered":"Geograf\u00eda de Chile"},"content":{"rendered":"\n<figure class=\"wp-block-image size-full\"><img loading=\"lazy\" decoding=\"async\" width=\"524\" height=\"474\" src=\"https:\/\/humanitieslab.goucher.edu\/chile\/wp-content\/uploads\/sites\/31\/2024\/12\/Screenshot-2024-12-01-at-11.13.41\u202fAM.png\" alt=\"\" class=\"wp-image-32\" srcset=\"https:\/\/humanitieslab.goucher.edu\/chile\/wp-content\/uploads\/sites\/31\/2024\/12\/Screenshot-2024-12-01-at-11.13.41\u202fAM.png 524w, https:\/\/humanitieslab.goucher.edu\/chile\/wp-content\/uploads\/sites\/31\/2024\/12\/Screenshot-2024-12-01-at-11.13.41\u202fAM-300x271.png 300w\" sizes=\"auto, (max-width: 524px) 100vw, 524px\" \/><\/figure>\n\n\n\n<h3 class=\"wp-block-heading has-accent-background-color has-background\">Informaci\u00f3n sobre el pa\u00eds <\/h3>\n\n\n\n<details class=\"wp-block-details is-layout-flow wp-block-details-is-layout-flow\"><summary>Ubicaci\u00f3n: Suroeste de Am\u00e9rica del Sur <\/summary>\n<p>Su vecino es Argentina, Bolivia, y Per\u00fa<\/p>\n\n\n\n<p>La capital: Santiago<\/p>\n<\/details>\n\n\n\n<details class=\"wp-block-details is-layout-flow wp-block-details-is-layout-flow\"><summary>Lenguaje <\/summary>\n<p>&nbsp;El lenguaje oficial es el espa\u00f1ol. Tambi\u00e9n es referido como la lengua castellano porque es el m\u00e1s hablado en Chile y reconocido por el La Organizaci\u00f3n de las Naciones Unidas (ONU).<\/p>\n\n\n\n<p>Aparte del espa\u00f1ol, tambi\u00e9n se habla otras seis lenguajes como aymara, quechua, rapa nui, kaw\u00e9sqar, yagan, y mapuzugun.&nbsp;<\/p>\n<\/details>\n\n\n\n<details class=\"wp-block-details is-layout-flow wp-block-details-is-layout-flow\"><summary>Areas Sobrepobladas<\/summary>\n<p>El 83% de la poblaci\u00f3n vive en zonas urbanas; por la Universidad de Chile<\/p>\n\n\n\n<ul class=\"wp-block-list\">\n<li>Debido al transporte, energ\u00eda, educaci\u00f3n y atenci\u00f3n m\u00e9dica.<\/li>\n<\/ul>\n\n\n\n<p>En el censo del 2017 representa la poblaci\u00f3n a 17.575 personas<\/p>\n\n\n\n<ul class=\"wp-block-list\">\n<li>Lugares m\u00e1s poblados: Regi\u00f3n Metropolitana, Regi\u00f3n del Biob\u00edo, La Regi\u00f3n de Valpara\u00edso<\/li>\n\n\n\n<li>Lugares menos poblados: Arica, Parinacota, Magallanes, y Ays\u00e9n<\/li>\n<\/ul>\n<\/details>\n\n\n\n<details class=\"wp-block-details is-layout-flow wp-block-details-is-layout-flow\"><summary>Clima <\/summary>\n<p>Hay tres zonas en Chile; norte, central, y el sur.<\/p>\n\n\n\n<div class=\"wp-block-media-text is-stacked-on-mobile\"><figure class=\"wp-block-media-text__media\"><img loading=\"lazy\" decoding=\"async\" width=\"624\" height=\"1024\" src=\"https:\/\/humanitieslab.goucher.edu\/chile\/wp-content\/uploads\/sites\/31\/2024\/11\/CLIMAS-DE-CHILE-5TO-BASICO-624x1024.jpeg\" alt=\"\" class=\"wp-image-27 size-full\" srcset=\"https:\/\/humanitieslab.goucher.edu\/chile\/wp-content\/uploads\/sites\/31\/2024\/11\/CLIMAS-DE-CHILE-5TO-BASICO-624x1024.jpeg 624w, https:\/\/humanitieslab.goucher.edu\/chile\/wp-content\/uploads\/sites\/31\/2024\/11\/CLIMAS-DE-CHILE-5TO-BASICO-183x300.jpeg 183w, https:\/\/humanitieslab.goucher.edu\/chile\/wp-content\/uploads\/sites\/31\/2024\/11\/CLIMAS-DE-CHILE-5TO-BASICO.jpeg 736w\" sizes=\"auto, (max-width: 624px) 100vw, 624px\" \/><\/figure><div class=\"wp-block-media-text__content\">\n<p>Norte: El clima es seco por la mayor parte por que no hay mucha lluvia y las temperaturas son altas; des\u00e9rtico.<\/p>\n\n\n\n<p>Central: Menos caliente al del norte. El clima es m\u00e1s moderado y var\u00eda entre h\u00famedo y seco.&nbsp;<\/p>\n\n\n\n<p>Sur: Cerca de las monta\u00f1as est\u00e1 fr\u00edo, lluvioso y presi\u00f3n baja. El fr\u00edo es intenso que se forman bolas de hielo encima de las monta\u00f1as.&nbsp;&nbsp;<\/p>\n\n\n\n<details class=\"wp-block-details is-layout-flow wp-block-details-is-layout-flow\"><summary>Zonas <\/summary>\n<p>Norte: <\/p>\n\n\n\n<ul class=\"wp-block-list\">\n<li>Regi\u00f3n de Arica y Parinacota<\/li>\n\n\n\n<li>Regi\u00f3n de Tarapaca<\/li>\n\n\n\n<li>Regi\u00f3n de Antofagasta&nbsp;<\/li>\n\n\n\n<li>Regi\u00f3n de Atacama<\/li>\n\n\n\n<li>Regi\u00f3n de Coquimbo<\/li>\n<\/ul>\n\n\n\n<p>Central:<\/p>\n\n\n\n<ul class=\"wp-block-list\">\n<li>Regi\u00f3n de Valpara\u00edso&nbsp;<\/li>\n\n\n\n<li>Regi\u00f3n Metropolitana<\/li>\n\n\n\n<li>Regi\u00f3n de O\u2019Higgins<\/li>\n\n\n\n<li>Regi\u00f3n del Maule<\/li>\n\n\n\n<li>Regi\u00f3n de \u00d1uble<\/li>\n\n\n\n<li>Regi\u00f3n del Biobio<\/li>\n<\/ul>\n\n\n\n<p>Sur:<\/p>\n\n\n\n<ul class=\"wp-block-list\">\n<li>Regi\u00f3n de La Araucan\u00eda&nbsp;<\/li>\n\n\n\n<li>Regi\u00f3n de Los R\u00edos<\/li>\n\n\n\n<li>Regi\u00f3n de Los Lagos<\/li>\n\n\n\n<li>Regi\u00f3n de Magallanes<\/li>\n<\/ul>\n<\/details>\n<\/div><\/div>\n\n\n\n<p>Zarates, Maura. <em>Climas de Chile 5TO B\u00e1sico<\/em>. <em>Pinterest <\/em>, Pinterest , https:\/\/co.pinterest.com\/pin\/6896205670793833\/. Accessed 1 Dec. 2024.<br><\/p>\n\n\n\n<details class=\"wp-block-details is-layout-flow wp-block-details-is-layout-flow\"><summary>Mas informacion sobre Zona norte<\/summary>\n<p>Desierto de Atacama es parte de la zona norte. El desierto casi no hay precipitaci\u00f3n.&nbsp;<\/p>\n\n\n\n<p>Igual como Per\u00fa, en Chile ocurre ; la niebla de Camanchaca.&nbsp;<\/p>\n\n\n\n<p>La niebla es la acci\u00f3n cuando la humedad del Oc\u00e9ano Pac\u00edfico pasa por los Andes. Luego estas oasis de niebla forman islas de vegetaci\u00f3n.&nbsp;Este proceso es reconocido como condensaci\u00f3n. <\/p>\n\n\n\n<p><em>El desierto tambi\u00e9n es utilizado como una simulaci\u00f3n de expediciones a Marte.<\/em><\/p>\n\n\n\n<p><\/p>\n\n\n\n<div class=\"wp-block-media-text is-stacked-on-mobile\" style=\"grid-template-columns:55% auto\"><figure class=\"wp-block-media-text__media\"><img loading=\"lazy\" decoding=\"async\" width=\"800\" height=\"450\" src=\"https:\/\/humanitieslab.goucher.edu\/chile\/wp-content\/uploads\/sites\/31\/2024\/12\/foto-de-desierto-de-atacama.webp\" alt=\"\" class=\"wp-image-30 size-full\" srcset=\"https:\/\/humanitieslab.goucher.edu\/chile\/wp-content\/uploads\/sites\/31\/2024\/12\/foto-de-desierto-de-atacama.webp 800w, https:\/\/humanitieslab.goucher.edu\/chile\/wp-content\/uploads\/sites\/31\/2024\/12\/foto-de-desierto-de-atacama-300x169.webp 300w, https:\/\/humanitieslab.goucher.edu\/chile\/wp-content\/uploads\/sites\/31\/2024\/12\/foto-de-desierto-de-atacama-768x432.webp 768w\" sizes=\"auto, (max-width: 800px) 100vw, 800px\" \/><\/figure><div class=\"wp-block-media-text__content\">\n<p><mark class=\"has-inline-color has-accent-4-color\">El paisaje des\u00e9rtico<\/mark><\/p>\n\n\n\n<p>La foto demuestra el efecto de la niebla de Camanchaca, creando partes de vegetaci\u00f3n y flores. <\/p>\n<\/div><\/div>\n\n\n\n<p>Cappa, Daniel&nbsp; Gonzales. <em>Cortes\u00eda Kew Gardens <\/em>. 22 Sept. 2021. <em>BBC News Mundo<\/em>, BBC, https:\/\/www.bbc.com\/mundo\/noticias-58448704. Accessed 1 Dec. 2024.<br><\/p>\n<\/details>\n<\/details>\n\n\n\n<details class=\"wp-block-details is-layout-flow wp-block-details-is-layout-flow\"><summary>Recursos naturales <\/summary>\n<p>Minerales: oro, cobre, plata, litio, boratos, nitratos, no metalicos y metalicos<\/p>\n\n\n\n<p>Energ\u00eda: solar y e\u00f3lica&nbsp;<\/p>\n\n\n\n<p>Bosques: madera y papel<\/p>\n<\/details>\n\n\n\n<hr class=\"wp-block-separator has-alpha-channel-opacity\" \/>\n\n\n\n<h3 class=\"wp-block-heading\">Topograf\u00eda de Chile y los Andes<\/h3>\n\n\n\n<ul class=\"wp-block-list\">\n<li>Los Andes ocupa 80% del territorio chileno<\/li>\n<\/ul>\n\n\n\n<ul class=\"wp-block-list\">\n<li>Los Ojos de Salada es el volc\u00e1n m\u00e1s alto del mundo y la seguna monta\u00f1a m\u00e1s alta de los Andes<\/li>\n<\/ul>\n\n\n\n<ul class=\"wp-block-list\">\n<li>Desierto de Atacama es el segundo desierto m\u00e1s seco del mundo<\/li>\n<\/ul>\n\n\n\n<h3 class=\"wp-block-heading has-accent-background-color has-background\">Los Andes y la importancia<\/h3>\n\n\n\n<ul class=\"wp-block-list\">\n<li>La cordillera es la m\u00e1s larga en todo el mundo y se extiende por todo Chile<\/li>\n<\/ul>\n\n\n\n<ul class=\"wp-block-list\">\n<li>La altura de las monta\u00f1as crean el clima dentro Chile y produce un efecto que se llama efecto sombra de lluvia<\/li>\n\n\n\n<li>Los patrones de viento afectan la clima directamente y las maneras en la que los chilenos cultivan la tierra<\/li>\n<\/ul>\n\n\n\n<figure class=\"wp-block-image size-full\"><img loading=\"lazy\" decoding=\"async\" width=\"657\" height=\"537\" src=\"https:\/\/humanitieslab.goucher.edu\/chile\/wp-content\/uploads\/sites\/31\/2024\/12\/Screenshot-2024-12-01-at-11.18.08\u202fAM-edited.png\" alt=\"\" class=\"wp-image-34\" srcset=\"https:\/\/humanitieslab.goucher.edu\/chile\/wp-content\/uploads\/sites\/31\/2024\/12\/Screenshot-2024-12-01-at-11.18.08\u202fAM-edited.png 657w, https:\/\/humanitieslab.goucher.edu\/chile\/wp-content\/uploads\/sites\/31\/2024\/12\/Screenshot-2024-12-01-at-11.18.08\u202fAM-edited-300x245.png 300w\" sizes=\"auto, (max-width: 657px) 100vw, 657px\" \/><\/figure>\n\n\n\n<h4 class=\"wp-block-heading\">El Efecto de sombra de lluvia<\/h4>\n\n\n\n<p>En Chile hay el mejor ejemplo del efecto de sombra de lluvia. El efecto impacta casi todo la pa\u00eds. La raz\u00f3n es por los Andes. Debido a los patrones del viento, hay cuatro regiones diferentes de los Andes. Hay dos lados importantes en efecto. Barlovento: el lado donde viene el viento. Sotavento: el opuesto, el lado donde el viento va.<\/p>\n\n\n\n<p>El efecto se puede describir como el viento en el lado barlovento toda la precipitaci\u00f3n cae. El agua vapor no puede pasar el pico de la monta\u00f1a porque cuando sube en la atm\u00f3sfera a cause de la reducci\u00f3n de presi\u00f3n crea un nube o condensaci\u00f3n. Por eso la precipitaci\u00f3n como nieve o lluvia cae en el lado barlovento. Despu\u00e9s de la extracci\u00f3n de agua por el aire, continua al otro lado muy seco y c\u00e1lido.<\/p>\n\n\n\n<details class=\"wp-block-details is-layout-flow wp-block-details-is-layout-flow\"><summary>M\u00e1s sobre el efecto de sombra de lluvia . . .<br><\/summary>\n<figure class=\"wp-block-image size-large is-resized\"><img loading=\"lazy\" decoding=\"async\" width=\"1024\" height=\"731\" src=\"https:\/\/humanitieslab.goucher.edu\/chile\/wp-content\/uploads\/sites\/31\/2024\/12\/mapa-1024x731.jpg\" alt=\"\" class=\"wp-image-165\" style=\"aspect-ratio:1;width:441px;height:auto\" srcset=\"https:\/\/humanitieslab.goucher.edu\/chile\/wp-content\/uploads\/sites\/31\/2024\/12\/mapa-1024x731.jpg 1024w, https:\/\/humanitieslab.goucher.edu\/chile\/wp-content\/uploads\/sites\/31\/2024\/12\/mapa-300x214.jpg 300w, https:\/\/humanitieslab.goucher.edu\/chile\/wp-content\/uploads\/sites\/31\/2024\/12\/mapa-768x548.jpg 768w, https:\/\/humanitieslab.goucher.edu\/chile\/wp-content\/uploads\/sites\/31\/2024\/12\/mapa-1536x1097.jpg 1536w, https:\/\/humanitieslab.goucher.edu\/chile\/wp-content\/uploads\/sites\/31\/2024\/12\/mapa-1200x857.jpg 1200w, https:\/\/humanitieslab.goucher.edu\/chile\/wp-content\/uploads\/sites\/31\/2024\/12\/mapa.jpg 1920w\" sizes=\"auto, (max-width: 1024px) 100vw, 1024px\" \/><\/figure>\n\n\n\n<details class=\"wp-block-details is-layout-flow wp-block-details-is-layout-flow\"><summary>Lado sotavento<\/summary>\n<p>El lado sotavento es el regi\u00f3n \u00e1rido en el lado opuesto de donde viene el viento. Muchas veces no hay mucha vegetaci\u00f3n<\/p>\n\n\n\n<p>El desierto de Atacama est\u00e1 en la zona sotavento.<\/p>\n<\/details>\n\n\n\n<details class=\"wp-block-details is-layout-flow wp-block-details-is-layout-flow\"><summary>Lado Barlovento<\/summary>\n<p>El lado con mucha vegetaci\u00f3n y biodiversidad. Es conocido por la clima exuberante.<\/p>\n\n\n\n<p>La mayor\u00eda del poblaci\u00f3n vive por este lugar en Chile.<\/p>\n<\/details>\n<\/details>\n\n\n\n<h4 class=\"wp-block-heading\">Desierto de Atacama<\/h4>\n\n\n\n<p>Es el desierto m\u00e1s seco del mundo, casi no hay precipitaci\u00f3n. Como se menciona, el clima del desierto fue creado por el afecto de sombra de lluvia.<\/p>\n\n\n\n<ul class=\"wp-block-list\">\n<li>La niebla es la acci\u00f3n cuando la humedad del Oc\u00e9ano Pacifico pasa por los Andes. Luego estas oasis de niebla forman islas de vegetaci\u00f3n. Niebla viene de la palabra neblina que sucede cuando vapor de agua, que luego se transforma en gas cual es reconocido como condensaci\u00f3n.<\/li>\n\n\n\n<li>El desierto tambi\u00e9n es utilizado como una simulaci\u00f3n de expediciones a Marte.<\/li>\n<\/ul>\n\n\n\n<h5 class=\"wp-block-heading\">Para Resumir:<\/h5>\n\n\n\n<p>La importancia de los Andes que crean la clima del pa\u00eds. Hay zonas ricas y m\u00e1s \u00e1ridos. La mayor\u00eda de la poblaci\u00f3n chileno vive en las zonas barloventos donde viene el viento. Chile es reconocido por su combinaci\u00f3n de la playa y las monta\u00f1as.<\/p>\n\n\n\n<hr class=\"wp-block-separator has-alpha-channel-opacity\" \/>\n\n\n\n<p class=\"has-text-align-center\"><strong>Bibliograf\u00eda<\/strong><\/p>\n\n\n\n<ul class=\"wp-block-list\">\n<li>\u201cGlaciares de Chile: Conoce y Protege Los R\u00edos de Hielo Milenario.\u201d <em>SUDA Outdoors<\/em>, SUDA Outdoors, 27 May 2022, suda.io\/adventures\/suda-news-2\/.<\/li>\n\n\n\n<li>Gochile. \u201cGu\u00eda de Flora y Fauna de Chile.\u201d <em>GoChile<\/em>, GotoLatin S.A, 2011, www.gochile.cl\/es\/flora-fauna\/.<\/li>\n\n\n\n<li>Melandri, Claudio, et al. \u201cLa Cordillera de Los Andes.\u201d <em>Museo Precolombino<\/em>, Carlos Aldunate del Solar, 2019, museo.precolombino.cl\/wp-content\/uploads\/2020\/10\/La-cordillera-de-Los-Andes.pdf.<\/li>\n\n\n\n<li>Memoria Chilena. \u201cRelatos y Representaciones de La Cordillera de Los Andes (1776-1920) &#8211; Memoria Chilena.\u201d <em>Memoria Chilena: Portal<\/em>, Biblioteca Nacional de Chile, 2024, www.memoriachilena.gob.cl\/602\/w3-article-658220.html.<\/li>\n\n\n\n<li>Memoria Chilena. \u201cRelatos y Representaciones de La Cordillera de Los Andes (1776-1920) &#8211; Memoria Chilena.\u201d <em>Memoria Chilena: Portal<\/em>, Biblioteca Nacional de Chile, 2024, www.memoriachilena.gob.cl\/602\/w3-article-658220.html.<\/li>\n\n\n\n<li>Memoria Chilena. \u201cRelatos y Representaciones de La Cordillera de Los Andes (1776-1920) &#8211; Memoria Chilena.\u201d <em>Memoria Chilena: Portal<\/em>, Biblioteca Nacional de Chile, 2024, www.memoriachilena.gob.cl\/602\/w3-article-658220.html.<\/li>\n\n\n\n<li>Memoria Chilena. \u201cRelatos y Representaciones de La Cordillera de Los Andes (1776-1920) &#8211; Memoria Chilena.\u201d <em>Memoria Chilena: Portal<\/em>, Biblioteca Nacional de Chile, 2024, www.memoriachilena.gob.cl\/602\/w3-article-658220.html.<\/li>\n\n\n\n<li>Memoria Chilena. \u201cRelatos y Representaciones de La Cordillera de Los Andes (1776-1920) &#8211; Memoria Chilena.\u201d <em>Memoria Chilena: Portal<\/em>, Biblioteca Nacional de Chile, 2024, www.memoriachilena.gob.cl\/602\/w3-article-658220.html.<\/li>\n\n\n\n<li>Memoria Chilena. \u201cRelatos y Representaciones de La Cordillera de Los Andes (1776-1920) &#8211; Memoria Chilena.\u201d <em>Memoria Chilena: Portal<\/em>, Biblioteca Nacional de Chile, 2024, www.memoriachilena.gob.cl\/602\/w3-article-658220.html.<\/li>\n\n\n\n<li>\u201cMemoria Chilena.\u201d <em>Relatos de Expediciones e Informes Sobre La Cordillera de Los Andes (1779-1803) &#8211; Memoria Chilena, Biblioteca Nacional de Chile<\/em>, Biblioteca Nacional de Chile, 2024, www.memoriachilena.gob.cl\/602\/w3-article-658225.html.<\/li>\n\n\n\n<li>\u201cMemoria Chilena.\u201d <em>Relatos de Expediciones e Informes Sobre La Cordillera de Los Andes (1779-1803) &#8211; Memoria Chilena, Biblioteca Nacional de Chile<\/em>, Biblioteca Nacional de Chile, 2024, www.memoriachilena.gob.cl\/602\/w3-article-658225.html.<\/li>\n\n\n\n<li>\u201cS\u00edmbolos Rapa Nui y Su Significado En Isla de Pascua: Imagina Rapa Nui.\u201d <em>Imagina Rapa Nui Isla de Pascua<\/em>, Imagina Rapa Nui, 8 Feb. 2024, imaginarapanui.com\/cultura-rapa-nui\/simbolos-rapa-nui\/#moai-el-icono-de-isla-de-pascua.<\/li>\n\n\n\n<li>\u201c[Archivo] D\u00eda Internacional Del Turismo: \u00bfPor Qu\u00e9 Chile Es Un Destino Tur\u00edstico Atractivo a Nivel Mundial?\u201d <em>Gob.Cl Noticias<\/em>, Gob Chileno, www.gob.cl\/noticias\/dia-internacional-del-turismo-por-que-chile-es-un-destino-turistico-atractivo-a-nivel-mundial\/#:~:text=La%20Cordillera%20de%20Los%20Andes,de%20la%20traves%C3%ADa%20por%20Chile. Accessed 10 Dec. 2024.<\/li>\n<\/ul>\n","protected":false},"excerpt":{"rendered":"<p>Informaci\u00f3n sobre el pa\u00eds Topograf\u00eda de Chile y los Andes Los Andes y la importancia El Efecto de sombra de lluvia En Chile hay el mejor ejemplo del efecto de sombra de lluvia. El efecto impacta casi todo la pa\u00eds. La raz\u00f3n es por los Andes. Debido a los patrones del viento, hay cuatro regiones [&hellip;]<\/p>\n","protected":false},"author":68,"featured_media":0,"parent":0,"menu_order":0,"comment_status":"closed","ping_status":"closed","template":"","meta":{"_monsterinsights_skip_tracking":false,"_monsterinsights_sitenote_active":false,"_monsterinsights_sitenote_note":"","_monsterinsights_sitenote_category":0,"footnotes":""},"class_list":["post-25","page","type-page","status-publish","hentry"],"_links":{"self":[{"href":"https:\/\/humanitieslab.goucher.edu\/chile\/wp-json\/wp\/v2\/pages\/25","targetHints":{"allow":["GET"]}}],"collection":[{"href":"https:\/\/humanitieslab.goucher.edu\/chile\/wp-json\/wp\/v2\/pages"}],"about":[{"href":"https:\/\/humanitieslab.goucher.edu\/chile\/wp-json\/wp\/v2\/types\/page"}],"author":[{"embeddable":true,"href":"https:\/\/humanitieslab.goucher.edu\/chile\/wp-json\/wp\/v2\/users\/68"}],"replies":[{"embeddable":true,"href":"https:\/\/humanitieslab.goucher.edu\/chile\/wp-json\/wp\/v2\/comments?post=25"}],"version-history":[{"count":31,"href":"https:\/\/humanitieslab.goucher.edu\/chile\/wp-json\/wp\/v2\/pages\/25\/revisions"}],"predecessor-version":[{"id":288,"href":"https:\/\/humanitieslab.goucher.edu\/chile\/wp-json\/wp\/v2\/pages\/25\/revisions\/288"}],"wp:attachment":[{"href":"https:\/\/humanitieslab.goucher.edu\/chile\/wp-json\/wp\/v2\/media?parent=25"}],"curies":[{"name":"wp","href":"https:\/\/api.w.org\/{rel}","templated":true}]}}