{"id":39,"date":"2024-12-09T17:58:10","date_gmt":"2024-12-09T17:58:10","guid":{"rendered":"https:\/\/humanitieslab.goucher.edu\/chile\/?page_id=39"},"modified":"2024-12-10T06:56:56","modified_gmt":"2024-12-10T06:56:56","slug":"literatura-la-voce-mapuche","status":"publish","type":"page","link":"https:\/\/humanitieslab.goucher.edu\/chile\/literatura-la-voce-mapuche\/","title":{"rendered":"Literatura: La voz Mapuche"},"content":{"rendered":"\n<figure class=\"wp-block-gallery has-nested-images columns-default is-cropped wp-block-gallery-1 is-layout-flex wp-block-gallery-is-layout-flex\">\n<figure class=\"wp-block-image size-large\"><img loading=\"lazy\" decoding=\"async\" width=\"683\" height=\"1024\" data-id=\"43\" src=\"https:\/\/humanitieslab.goucher.edu\/chile\/wp-content\/uploads\/sites\/31\/2024\/12\/adlf20211213-maria-huenunir-0137A-1100-1-683x1024.jpg\" alt=\"\" class=\"wp-image-43\" srcset=\"https:\/\/humanitieslab.goucher.edu\/chile\/wp-content\/uploads\/sites\/31\/2024\/12\/adlf20211213-maria-huenunir-0137A-1100-1-683x1024.jpg 683w, https:\/\/humanitieslab.goucher.edu\/chile\/wp-content\/uploads\/sites\/31\/2024\/12\/adlf20211213-maria-huenunir-0137A-1100-1-200x300.jpg 200w, https:\/\/humanitieslab.goucher.edu\/chile\/wp-content\/uploads\/sites\/31\/2024\/12\/adlf20211213-maria-huenunir-0137A-1100-1.jpg 734w\" sizes=\"auto, (max-width: 683px) 100vw, 683px\" \/><figcaption class=\"wp-element-caption\">Mar\u00eda Huenu\u00f1ir Antihuala, Poeta y narradora mapuche, autora de los libros de poemas y relatos: \u201cCuentos de la Tierra\u201d, \u201cNi\u00f1a del campo\u201d y \u201cM\u00e1s all\u00e1 de ser mapuche\u201d. Adem\u00e1s es Educadora de Lengua y Cultura Ind\u00edgena en jardines infantiles de la JUNJI y Sanadora mapuche. \u00d1u\u00f1oa, Santiago de Chile, 13-12-2021 (\u00a9Alvaro de la Fuente\/escritoresindigenas.cl)<\/figcaption><\/figure>\n<\/figure>\n\n\n\n<p>Nombre: Mar\u00eda Ines Huenu\u00f1ir Antihuala<\/p>\n\n\n\n<p>Trabajos: Poeta, educadora, cantante<\/p>\n\n\n\n<p>Naci\u00f3: Naci\u00f3 en la comunidad de Cayumapu Alto, al interior de Panguipulli, en la Regi\u00f3n de R\u00edos<\/p>\n\n\n\n<p>Vive en: Chile, Santiago<\/p>\n\n\n\n<details class=\"wp-block-details is-layout-flow wp-block-details-is-layout-flow\"><summary>Su meta a trav\u00e9s de la literatura:<\/summary>\n<p>Maria crear poemas para conectar con diferentes edades a trav\u00e9s del espa\u00f1ol y el lenguaje mapuche. En su opini\u00f3n ella dijo que aunque ella traduce el poema no capta el significado entero porque el lenguaje mapuche es m\u00e1s espiritual como una plegaria. Hablar el lenguaje mapuche es una forma de resistencia contra el gobierno porque no son representados en el gobierno y apenas hay avances de representaci\u00f3n en el gobierno chileno. Para los Mapuche tener representaci\u00f3n a trav\u00e9s del poema es una forma de empoderamiento e identidad.<\/p>\n<\/details>\n\n\n\n<details class=\"wp-block-details is-layout-flow wp-block-details-is-layout-flow\"><summary>Como el poema ha afectado su vida:<\/summary>\n<p>Ella comenz\u00f3 a desarrollar su inter\u00e9s en el poema cuando trabaj\u00f3 en un taller de Prodemu dictado en la comuna de Lo Prado. Desde entonces ella ha podido usar el poema para representar el lenguaje Mapuche y empoderar a la comunidad Mapuche y a ella tambi\u00e9n. El poema le ha ayudado a ser parte de eventos musicales como en el 2008 ella fue parte de un grupo musical Kalf\u00fcmalen. Incluso es educadora porque ella tiene talleres y cursos enfocados en la cultura, lenguaje y filosof\u00eda de Mapuches.<\/p>\n<\/details>\n\n\n\n<h2 class=\"wp-block-heading has-larger-font-size\">Poema: &#8220;M\u00e1s All\u00e1 de Ser Mapuche\u201d<\/h2>\n\n\n\n<pre class=\"wp-block-code\"><code>Este poema es el m\u00e1s reconocido de su trabajos y es parte de un libro <br>Este es el enlace para escuchar el audio por Escritores Ind\u00edgenas: <a href=\"https:\/\/www.facebook.com\/escritoresindigenas.cl\/videos\/volver%C3%A9-a-mi-camino\/1112003976079443\/\">https:\/\/www.facebook.com\/escritoresindigenas.cl\/videos\/volver%C3%A9-a-mi-camino\/1112003976079443\/<\/a><br> <\/code><\/pre>\n\n\n\n<div class=\"wp-block-media-text has-media-on-the-right is-stacked-on-mobile\"><div class=\"wp-block-media-text__content\">\n<p>El poema est\u00e1 hablado en mapudungun y espa\u00f1ol. Incluye las palabras a la derecha. <\/p>\n\n\n\n<p>Para Mar\u00eda poder continuar hablando y creando representaciones mapuche a trav\u00e9s de su lenguaje, ella crea su identidad y apoya a la identidad de las comunidades mapuche. En la p\u00e1gina de <a href=\"https:\/\/www.escritoresindigenas.cl\/wirife\">Escritores Ind\u00edgena<\/a> se puede aprender de otros escritores Mapuche y aprender de sus historias.<\/p>\n<\/div><figure class=\"wp-block-media-text__media\"><img loading=\"lazy\" decoding=\"async\" width=\"926\" height=\"1024\" src=\"https:\/\/humanitieslab.goucher.edu\/chile\/wp-content\/uploads\/sites\/31\/2024\/12\/Screenshot-2024-12-01-at-3.12.44\u202fPM-1-926x1024.png\" alt=\"\" class=\"wp-image-44 size-full\" srcset=\"https:\/\/humanitieslab.goucher.edu\/chile\/wp-content\/uploads\/sites\/31\/2024\/12\/Screenshot-2024-12-01-at-3.12.44\u202fPM-1-926x1024.png 926w, https:\/\/humanitieslab.goucher.edu\/chile\/wp-content\/uploads\/sites\/31\/2024\/12\/Screenshot-2024-12-01-at-3.12.44\u202fPM-1-271x300.png 271w, https:\/\/humanitieslab.goucher.edu\/chile\/wp-content\/uploads\/sites\/31\/2024\/12\/Screenshot-2024-12-01-at-3.12.44\u202fPM-1-768x849.png 768w, https:\/\/humanitieslab.goucher.edu\/chile\/wp-content\/uploads\/sites\/31\/2024\/12\/Screenshot-2024-12-01-at-3.12.44\u202fPM-1.png 1020w\" sizes=\"auto, (max-width: 926px) 100vw, 926px\" \/><\/figure><\/div>\n\n\n\n<hr class=\"wp-block-separator has-alpha-channel-opacity\" \/>\n\n\n\n<p class=\"has-text-align-center\"><strong>Bibliograf\u00eda<\/strong><\/p>\n\n\n\n<ul class=\"wp-block-list\">\n<li class=\"has-small-font-size\">\u201cMar\u00eda Huenu\u00f1ir.\u201d <em>EscritoresIndigenas.Cl<\/em>, 2018, www.escritoresindigenas.cl\/maria-huenunir.&nbsp;<\/li>\n\n\n\n<li class=\"has-small-font-size\">\u201c23 Reactions: Volver\u00e9 a Mi Camino: Comenzamos La Semana Escuchando a Mar\u00eda Huenu\u00f1ir Antihuala y Un Fragmento de Su Poema \u2018Volver\u00e9 a Mi Camino\u2019, En Mapudungun y En Espa\u00f1ol. \ud83c\udf99&#8230;: By Escritores Ind\u00edgenas.\u201d <em>Facebook<\/em>, Escritores Indigenas, 8 Aug. 2022, www.facebook.com\/escritoresindigenas.cl\/videos\/volver%C3%A9-a-mi-camino\/1112003976079443\/.<\/li>\n<\/ul>\n","protected":false},"excerpt":{"rendered":"<p>Nombre: Mar\u00eda Ines Huenu\u00f1ir Antihuala Trabajos: Poeta, educadora, cantante Naci\u00f3: Naci\u00f3 en la comunidad de Cayumapu Alto, al interior de Panguipulli, en la Regi\u00f3n de R\u00edos Vive en: Chile, Santiago Poema: &#8220;M\u00e1s All\u00e1 de Ser Mapuche\u201d El poema est\u00e1 hablado en mapudungun y espa\u00f1ol. Incluye las palabras a la derecha. Para Mar\u00eda poder continuar hablando [&hellip;]<\/p>\n","protected":false},"author":68,"featured_media":0,"parent":0,"menu_order":0,"comment_status":"closed","ping_status":"closed","template":"","meta":{"_monsterinsights_skip_tracking":false,"_monsterinsights_sitenote_active":false,"_monsterinsights_sitenote_note":"","_monsterinsights_sitenote_category":0,"footnotes":""},"class_list":["post-39","page","type-page","status-publish","hentry"],"_links":{"self":[{"href":"https:\/\/humanitieslab.goucher.edu\/chile\/wp-json\/wp\/v2\/pages\/39","targetHints":{"allow":["GET"]}}],"collection":[{"href":"https:\/\/humanitieslab.goucher.edu\/chile\/wp-json\/wp\/v2\/pages"}],"about":[{"href":"https:\/\/humanitieslab.goucher.edu\/chile\/wp-json\/wp\/v2\/types\/page"}],"author":[{"embeddable":true,"href":"https:\/\/humanitieslab.goucher.edu\/chile\/wp-json\/wp\/v2\/users\/68"}],"replies":[{"embeddable":true,"href":"https:\/\/humanitieslab.goucher.edu\/chile\/wp-json\/wp\/v2\/comments?post=39"}],"version-history":[{"count":14,"href":"https:\/\/humanitieslab.goucher.edu\/chile\/wp-json\/wp\/v2\/pages\/39\/revisions"}],"predecessor-version":[{"id":233,"href":"https:\/\/humanitieslab.goucher.edu\/chile\/wp-json\/wp\/v2\/pages\/39\/revisions\/233"}],"wp:attachment":[{"href":"https:\/\/humanitieslab.goucher.edu\/chile\/wp-json\/wp\/v2\/media?parent=39"}],"curies":[{"name":"wp","href":"https:\/\/api.w.org\/{rel}","templated":true}]}}