{"id":15,"date":"2023-11-25T03:33:08","date_gmt":"2023-11-25T03:33:08","guid":{"rendered":"https:\/\/humanitieslab.goucher.edu\/emma-and-the-art-of-translation\/?page_id=15"},"modified":"2023-12-11T15:15:16","modified_gmt":"2023-12-11T15:15:16","slug":"spanish-translations","status":"publish","type":"page","link":"https:\/\/humanitieslab.goucher.edu\/emma-and-the-art-of-translation\/spanish-translations\/","title":{"rendered":"Spanish Translations"},"content":{"rendered":"\n<p>While <em>Emma<\/em> has been translated into languages such as French as early as 1816, it wasn&#8217;t until the 20th century that we find publications of this novel in Spanish.<sup data-fn=\"ddb13daf-774f-4e9e-bf25-7600e16f17c4\" class=\"fn\"><a href=\"#ddb13daf-774f-4e9e-bf25-7600e16f17c4\" id=\"ddb13daf-774f-4e9e-bf25-7600e16f17c4-link\">1<\/a><\/sup> The first of Austen&#8217;s novels to make their Spanish debut on the market was <em>Persuasion<\/em>, translated and published in Spanish in 1919. It wasn&#8217;t until after the Spanish Civil War that <em>Emma<\/em> caught the attention of a translator and publisher.<sup data-fn=\"49fdfabb-61b6-4b45-a488-4a5223c0ec00\" class=\"fn\"><a href=\"#49fdfabb-61b6-4b45-a488-4a5223c0ec00\" id=\"49fdfabb-61b6-4b45-a488-4a5223c0ec00-link\">2<\/a><\/sup> The first Spanish translation of the novel, published in 1945, can in fact be found in our own Goucher College Jane Austen Collection. This translation by Jaime Bofill Y Ferro was donated in 1998 by Barbara Winn Adams along with more than 275 volumes in the Winn Family Collection.<sup data-fn=\"e54a2b57-b8aa-4d88-b1c5-9feadb03e020\" class=\"fn\"><a href=\"#e54a2b57-b8aa-4d88-b1c5-9feadb03e020\" id=\"e54a2b57-b8aa-4d88-b1c5-9feadb03e020-link\">3<\/a><\/sup><\/p>\n\n\n\n<p>Each translation and work on display in this exhibition can be found in Goucher College&#8217;s Jane Austen Collection and has found a home in Goucher College&#8217;s Special Collections &amp; Archives. If you are new to this stunning and extensive collection, I want to take a moment to introduce you to what lies within our very own library&#8217;s walls. <\/p>\n\n\n\n<blockquote class=\"wp-block-quote is-layout-flow wp-block-quote-is-layout-flow\">\n<p>The Jane Austen Collection at Goucher College collection began with the bequest of Alberta Hirshheimer Burke, a 1928 graduate of the college.&nbsp; Burke began buying rare Austen editions and manuscripts in the 1930s after a trip to England. Quickly becoming adept at the book trade, Burke began following the market on Jane Austen materials. Over time she built a distinguished private collection of Austen books and manuscripts. Upon Burke\u2019s death in 1975 and in accordance with her will, her collection was divided between Goucher College and the Pierpont Morgan Library in New York.&nbsp; Goucher College received more than a thousand early editions and books as well as personal correspondence.<\/p>\n<cite><a href=\"https:\/\/janeausten.goucher.edu\/\" target=\"_blank\" rel=\"noreferrer noopener\">Jane Austen Collection at Goucher College<\/a><\/cite><\/blockquote>\n\n\n\n<p>Thanks to Alberta Burke&#8217;s and the Winn family&#8217;s donations and Goucher College&#8217;s continued efforts to grow their Jane Austen Collection, we are able to explore the world of Austen translations in this exhibition and spotlight the creative individuals who worked on them. While not all literary translators are credited for their work or known outside of their contribution to a literary translation, we are fortunate to know about the lives of two of the Spanish translators on display in this exhibition. It was very important to me when I embarked on this project that the translators so often hidden in the shadows of the original author have a moment in the spotlight. Without them, <em>Emma<\/em> would not have been accessible to many Spanish-speaking readers and this exhibition would not be possible today.<\/p>\n\n\n\n<p><strong>Jos\u00e9 Luis L\u00f3pez Mu\u00f1oz<\/strong><\/p>\n\n\n\n<div class=\"wp-block-media-text is-stacked-on-mobile\" style=\"grid-template-columns:25% auto\"><figure class=\"wp-block-media-text__media\"><img loading=\"lazy\" decoding=\"async\" width=\"500\" height=\"500\" src=\"https:\/\/humanitieslab.goucher.edu\/emma-and-the-art-of-translation\/wp-content\/uploads\/sites\/24\/2023\/12\/Lopez_Munoz.jpeg\" alt=\"\" class=\"wp-image-250 size-full\" srcset=\"https:\/\/humanitieslab.goucher.edu\/emma-and-the-art-of-translation\/wp-content\/uploads\/sites\/24\/2023\/12\/Lopez_Munoz.jpeg 500w, https:\/\/humanitieslab.goucher.edu\/emma-and-the-art-of-translation\/wp-content\/uploads\/sites\/24\/2023\/12\/Lopez_Munoz-300x300.jpeg 300w, https:\/\/humanitieslab.goucher.edu\/emma-and-the-art-of-translation\/wp-content\/uploads\/sites\/24\/2023\/12\/Lopez_Munoz-150x150.jpeg 150w\" sizes=\"auto, (max-width: 500px) 100vw, 500px\" \/><\/figure><div class=\"wp-block-media-text__content\">\n<p>Jos\u00e9 Luis L\u00f3pez Mu\u00f1oz is the translator for the 1971 Spanish edition of <em>Emma<\/em>, displayed in this exhibition; however, this is not the only Austen translation he worked on. He also translated the 2013 Spanish translation of <em>Sense and Sensibility<\/em> and the 1997 Spanish translation of <em>Pride and Prejudice<\/em>. L\u00f3pez Mu\u00f1oz is a renowned translator with a translation career spanning over half a century. His <em>Sense and Sensibility<\/em> translation won him ACE Traductores&#8217;s 2014 Esther Benitez award for the best translation published in Spain.<sup data-fn=\"b802fa6e-84ce-43a1-bef9-f7e8d057a2a7\" class=\"fn\"><a href=\"#b802fa6e-84ce-43a1-bef9-f7e8d057a2a7\" id=\"b802fa6e-84ce-43a1-bef9-f7e8d057a2a7-link\">4<\/a><\/sup><\/p>\n<\/div><\/div>\n\n\n\n<blockquote class=\"wp-block-quote is-layout-flow wp-block-quote-is-layout-flow\">\n<p>L\u00f3pez Mu\u00f1oz has stated that &#8220;the essence of translation&#8221; is &#8220;a consequence of desire, of the will to make known, to communicate something, even if it is not our own.&#8221;&nbsp;In his opinion, &#8220;the literary translator has to be a writer or, rather, he has to like writing and has to have a love for language and written language.&#8221;&nbsp;If there is a principle that guides the exercise of it, it is that, &#8220;having made the first version of a text, then you have to distance yourself,&#8221; since &#8220;the translated text has to be autonomous, without references to the original.<\/p>\n<cite><a href=\"https:\/\/phte.upf.edu\/dhte\/castellano-siglos-xx-xxi\/lopez-munoz-jose-luis\/\" target=\"_blank\" rel=\"noreferrer noopener\">Diccionario Histor\u00edco de la Traducci\u00f3n en Espa\u00f1a<\/a> (Translated from Spanish to English by Google)<sup data-fn=\"7e272ae9-00dd-4192-a3b3-5b6c539c8791\" class=\"fn\"><a href=\"#7e272ae9-00dd-4192-a3b3-5b6c539c8791\" id=\"7e272ae9-00dd-4192-a3b3-5b6c539c8791-link\">5<\/a><\/sup><\/cite><\/blockquote>\n\n\n\n<p><\/p>\n\n\n\n<p><strong>Sergio Pitol<\/strong><\/p>\n\n\n\n<div class=\"wp-block-media-text has-media-on-the-right is-stacked-on-mobile\" style=\"grid-template-columns:auto 24%\"><div class=\"wp-block-media-text__content\">\n<p>Sergio Pitol translated <em>Emma<\/em> into Spanish in 1972; his translation is reprinted in the 2014 Spanish edition of <em>Emma<\/em> on display in this exhibition. Pitol, who passed away in 2018, was a prominent Mexican writer as well as a prominent literary translator, translating into Spanish over 50 works of British, Eastern European, Russian, and Italian literature.<sup data-fn=\"b67824b5-88c2-4dd1-a465-71ba7c806c67\" class=\"fn\"><a href=\"#b67824b5-88c2-4dd1-a465-71ba7c806c67\" id=\"b67824b5-88c2-4dd1-a465-71ba7c806c67-link\">6<\/a><\/sup><\/p>\n<\/div><figure class=\"wp-block-media-text__media\"><img loading=\"lazy\" decoding=\"async\" width=\"495\" height=\"619\" src=\"https:\/\/humanitieslab.goucher.edu\/emma-and-the-art-of-translation\/wp-content\/uploads\/sites\/24\/2023\/12\/Sergio-Pitol.jpeg\" alt=\"\" class=\"wp-image-255 size-full\" srcset=\"https:\/\/humanitieslab.goucher.edu\/emma-and-the-art-of-translation\/wp-content\/uploads\/sites\/24\/2023\/12\/Sergio-Pitol.jpeg 495w, https:\/\/humanitieslab.goucher.edu\/emma-and-the-art-of-translation\/wp-content\/uploads\/sites\/24\/2023\/12\/Sergio-Pitol-240x300.jpeg 240w\" sizes=\"auto, (max-width: 495px) 100vw, 495px\" \/><\/figure><\/div>\n\n\n\n<blockquote class=\"wp-block-quote is-layout-flow wp-block-quote-is-layout-flow\">\n<p>The fundamental objective of writing was to discover or intuit the &#8216;genius of language&#8217;, the possibility of modulating it at will, of turning a word repeated a thousand times into new ones simply by arranging it in the appropriate position in a sentence&#8230; I read Alejo Carpentier.&nbsp;What attracted me to the Cuban writer was the rhythm, the austere melody of his phrasing, an intense verbal music with classical resonances and modulations from other languages \u200b\u200band other literatures.<\/p>\n<cite><a href=\"https:\/\/wmagazin.com\/muere-sergio-pitol-el-escritor-mexicano-nomada-de-la-vida-y-de-los-generos-literarios\/\" target=\"_blank\" rel=\"noreferrer noopener\">Excerpts from Sergio Pitol&#8217;s Cervantes Prize Speech. <\/a>(Translated from Spanish to English by Google)<sup data-fn=\"b2667ca6-d6d3-4be5-84a3-91ac8a56921b\" class=\"fn\"><a href=\"#b2667ca6-d6d3-4be5-84a3-91ac8a56921b\" id=\"b2667ca6-d6d3-4be5-84a3-91ac8a56921b-link\">7<\/a><\/sup><\/cite><\/blockquote>\n\n\n\n<hr class=\"wp-block-separator has-alpha-channel-opacity is-style-dots\" \/>\n\n\n\n<p class=\"has-text-align-center\">Continue exploring the exhibition and enter the visual world of each cover.<\/p>\n\n\n\n<div class=\"wp-block-buttons is-content-justification-center is-layout-flex wp-container-core-buttons-is-layout-a89b3969 wp-block-buttons-is-layout-flex\">\n<div class=\"wp-block-button\"><a class=\"wp-block-button__link wp-element-button\" href=\"https:\/\/humanitieslab.goucher.edu\/emma-and-the-art-of-translation\/the-cover-art\/\">The Cover Art<\/a><\/div>\n<\/div>\n\n\n\n<hr class=\"wp-block-separator has-alpha-channel-opacity is-style-wide\" \/>\n\n\n\n<p>Referenced Resources:<\/p>\n\n\n<ol class=\"wp-block-footnotes\"><li id=\"ddb13daf-774f-4e9e-bf25-7600e16f17c4\">Dow, Gillian. \u201cTranslations.\u201d\u00a0<em>The Cambridge Companion to \u2018Emma,\u2019<\/em>\u00a0edited by Peter Sabor, Cambridge University Press, 2015, pp. 166-185. <a href=\"#ddb13daf-774f-4e9e-bf25-7600e16f17c4-link\" aria-label=\"Jump to footnote reference 1\">\u21a9\ufe0e<\/a><\/li><li id=\"49fdfabb-61b6-4b45-a488-4a5223c0ec00\"><a href=\"http:\/\/jasna.org\/persuasions\/on-line\/vol28no2\/sanchez.htm\" target=\"_blank\" rel=\"noreferrer noopener\">Romero S\u00e1nchez, Mari Carmen. \u201cA la Se\u00f1orita Austen: An Overview of Spanish Adaptations.\u201d\u00a0<em>Persuasions<\/em>, vol. 28, no. 2, 2008.<\/a> <a href=\"#49fdfabb-61b6-4b45-a488-4a5223c0ec00-link\" aria-label=\"Jump to footnote reference 2\">\u21a9\ufe0e<\/a><\/li><li id=\"e54a2b57-b8aa-4d88-b1c5-9feadb03e020\"><a href=\"https:\/\/www.goucher.edu\/library\/documents\/Austen_Brochure.pdf\" target=\"_blank\" rel=\"noreferrer noopener\">Kaplan, Laurie, and Nancy Magnuson.\u00a0<em>Twenty-Five Years of Jane Austen<\/em>. 2000.<\/a> <a href=\"#e54a2b57-b8aa-4d88-b1c5-9feadb03e020-link\" aria-label=\"Jump to footnote reference 3\">\u21a9\ufe0e<\/a><\/li><li id=\"b802fa6e-84ce-43a1-bef9-f7e8d057a2a7\"><a href=\"http:\/\/jasna.org\/publications-2\/persuasions-online\/volume-43-no-1\/garcia-soria\/\" target=\"_blank\" rel=\"noreferrer noopener\">Garc\u00eda Soria, Cinthia. \u201cJudgement and Feelings:\u00a0<em>Sense and Sensibility<\/em>\u2018s Journey to the Spanish-Speaking World.\u201d\u00a0<em>Persuasions<\/em>, vol. 43, no. 1, 2022.<\/a> <a href=\"#b802fa6e-84ce-43a1-bef9-f7e8d057a2a7-link\" aria-label=\"Jump to footnote reference 4\">\u21a9\ufe0e<\/a><\/li><li id=\"7e272ae9-00dd-4192-a3b3-5b6c539c8791\"><a href=\"https:\/\/phte.upf.edu\/dhte\/castellano-siglos-xx-xxi\/lopez-munoz-jose-luis\/\" target=\"_blank\" rel=\"noreferrer noopener\">Pegenaute, Luis. &#8220;L\u00f3pez Mu\u00f1oz, Jos\u00e9 Luis.&#8221; Diccionario Histor\u00edco de la Traducci\u00f3n en Espa\u00f1a, Accessed 5 Dec. 2023.<\/a> <a href=\"#7e272ae9-00dd-4192-a3b3-5b6c539c8791-link\" aria-label=\"Jump to footnote reference 5\">\u21a9\ufe0e<\/a><\/li><li id=\"b67824b5-88c2-4dd1-a465-71ba7c806c67\"><a href=\"http:\/\/lareviewofbooks.org\/article\/literature-as-life-sergio-pitols-trilogy-of-memory\" target=\"_blank\" rel=\"noreferrer noopener\">S\u00e1nchez Prado, Ignacio M. \u201cLiterature as Life: Sergio Pitol\u2019s \u2018Trilogy of Memory.&#8217;\u201d\u00a0<em>Las Angeles Review of Books<\/em>, 28 July 2017.<\/a> <a href=\"#b67824b5-88c2-4dd1-a465-71ba7c806c67-link\" aria-label=\"Jump to footnote reference 6\">\u21a9\ufe0e<\/a><\/li><li id=\"b2667ca6-d6d3-4be5-84a3-91ac8a56921b\"><a href=\"https:\/\/wmagazin.com\/muere-sergio-pitol-el-escritor-mexicano-nomada-de-la-vida-y-de-los-generos-literarios\/\" target=\"_blank\" rel=\"noreferrer noopener\">Manrique Sabogal, Winston. &#8220;Sergio Pitol, the Nomadic Mexican Writer of Life and Literary Genres, Dies.&#8221; <em>WMagaz\u00edn<\/em>, 12 Apr. 2018.<\/a> <a href=\"#b2667ca6-d6d3-4be5-84a3-91ac8a56921b-link\" aria-label=\"Jump to footnote reference 7\">\u21a9\ufe0e<\/a><\/li><\/ol>","protected":false},"excerpt":{"rendered":"<p>While Emma has been translated into languages such as French as early as 1816, it wasn&#8217;t until the 20th century that we find publications of this novel in Spanish. The first of Austen&#8217;s novels to make their Spanish debut on the market was Persuasion, translated and published in Spanish in 1919. It wasn&#8217;t until after [&hellip;]<\/p>\n","protected":false},"author":47,"featured_media":0,"parent":0,"menu_order":1,"comment_status":"closed","ping_status":"closed","template":"","meta":{"_monsterinsights_skip_tracking":false,"_monsterinsights_sitenote_active":false,"_monsterinsights_sitenote_note":"","_monsterinsights_sitenote_category":0,"site-sidebar-layout":"default","site-content-layout":"","ast-site-content-layout":"default","site-content-style":"default","site-sidebar-style":"default","ast-global-header-display":"","ast-banner-title-visibility":"","ast-main-header-display":"","ast-hfb-above-header-display":"","ast-hfb-below-header-display":"","ast-hfb-mobile-header-display":"","site-post-title":"","ast-breadcrumbs-content":"","ast-featured-img":"","footer-sml-layout":"","ast-disable-related-posts":"","theme-transparent-header-meta":"","adv-header-id-meta":"","stick-header-meta":"","header-above-stick-meta":"","header-main-stick-meta":"","header-below-stick-meta":"","astra-migrate-meta-layouts":"","ast-page-background-enabled":"default","ast-page-background-meta":{"desktop":{"background-color":"var(--ast-global-color-4)","background-image":"","background-repeat":"repeat","background-position":"center center","background-size":"auto","background-attachment":"scroll","background-type":"","background-media":"","overlay-type":"","overlay-color":"","overlay-opacity":"","overlay-gradient":""},"tablet":{"background-color":"","background-image":"","background-repeat":"repeat","background-position":"center center","background-size":"auto","background-attachment":"scroll","background-type":"","background-media":"","overlay-type":"","overlay-color":"","overlay-opacity":"","overlay-gradient":""},"mobile":{"background-color":"","background-image":"","background-repeat":"repeat","background-position":"center center","background-size":"auto","background-attachment":"scroll","background-type":"","background-media":"","overlay-type":"","overlay-color":"","overlay-opacity":"","overlay-gradient":""}},"ast-content-background-meta":{"desktop":{"background-color":"var(--ast-global-color-5)","background-image":"","background-repeat":"repeat","background-position":"center center","background-size":"auto","background-attachment":"scroll","background-type":"","background-media":"","overlay-type":"","overlay-color":"","overlay-opacity":"","overlay-gradient":""},"tablet":{"background-color":"var(--ast-global-color-5)","background-image":"","background-repeat":"repeat","background-position":"center center","background-size":"auto","background-attachment":"scroll","background-type":"","background-media":"","overlay-type":"","overlay-color":"","overlay-opacity":"","overlay-gradient":""},"mobile":{"background-color":"var(--ast-global-color-5)","background-image":"","background-repeat":"repeat","background-position":"center center","background-size":"auto","background-attachment":"scroll","background-type":"","background-media":"","overlay-type":"","overlay-color":"","overlay-opacity":"","overlay-gradient":""}},"footnotes":"[{\"id\":\"ddb13daf-774f-4e9e-bf25-7600e16f17c4\",\"content\":\"Dow, Gillian. \\u201cTranslations.\\u201d\\u00a0<em>The Cambridge Companion to \\u2018Emma,\\u2019<\\\/em>\\u00a0edited by Peter Sabor, Cambridge University Press, 2015, pp. 166-185.\"},{\"id\":\"49fdfabb-61b6-4b45-a488-4a5223c0ec00\",\"content\":\"<a href=\\\"http:\\\/\\\/jasna.org\\\/persuasions\\\/on-line\\\/vol28no2\\\/sanchez.htm\\\" target=\\\"_blank\\\" rel=\\\"noreferrer noopener\\\">Romero S\\u00e1nchez, Mari Carmen. \\u201cA la Se\\u00f1orita Austen: An Overview of Spanish Adaptations.\\u201d\\u00a0<em>Persuasions<\\\/em>, vol. 28, no. 2, 2008.<\\\/a>\"},{\"id\":\"e54a2b57-b8aa-4d88-b1c5-9feadb03e020\",\"content\":\"<a href=\\\"https:\\\/\\\/www.goucher.edu\\\/library\\\/documents\\\/Austen_Brochure.pdf\\\" target=\\\"_blank\\\" rel=\\\"noreferrer noopener\\\">Kaplan, Laurie, and Nancy Magnuson.\\u00a0<em>Twenty-Five Years of Jane Austen<\\\/em>. 2000.<\\\/a>\"},{\"id\":\"b802fa6e-84ce-43a1-bef9-f7e8d057a2a7\",\"content\":\"<a href=\\\"http:\\\/\\\/jasna.org\\\/publications-2\\\/persuasions-online\\\/volume-43-no-1\\\/garcia-soria\\\/\\\" target=\\\"_blank\\\" rel=\\\"noreferrer noopener\\\">Garc\\u00eda Soria, Cinthia. \\u201cJudgement and Feelings:\\u00a0<em>Sense and Sensibility<\\\/em>\\u2018s Journey to the Spanish-Speaking World.\\u201d\\u00a0<em>Persuasions<\\\/em>, vol. 43, no. 1, 2022.<\\\/a>\"},{\"id\":\"7e272ae9-00dd-4192-a3b3-5b6c539c8791\",\"content\":\"<a href=\\\"https:\\\/\\\/phte.upf.edu\\\/dhte\\\/castellano-siglos-xx-xxi\\\/lopez-munoz-jose-luis\\\/\\\" target=\\\"_blank\\\" rel=\\\"noreferrer noopener\\\">Pegenaute, Luis. \\\"L\\u00f3pez Mu\\u00f1oz, Jos\\u00e9 Luis.\\\" Diccionario Histor\\u00edco de la Traducci\\u00f3n en Espa\\u00f1a, Accessed 5 Dec. 2023.<\\\/a>\"},{\"id\":\"b67824b5-88c2-4dd1-a465-71ba7c806c67\",\"content\":\"<a href=\\\"http:\\\/\\\/lareviewofbooks.org\\\/article\\\/literature-as-life-sergio-pitols-trilogy-of-memory\\\" target=\\\"_blank\\\" rel=\\\"noreferrer noopener\\\">S\\u00e1nchez Prado, Ignacio M. \\u201cLiterature as Life: Sergio Pitol\\u2019s \\u2018Trilogy of Memory.'\\u201d\\u00a0<em>Las Angeles Review of Books<\\\/em>, 28 July 2017.<\\\/a>\"},{\"id\":\"b2667ca6-d6d3-4be5-84a3-91ac8a56921b\",\"content\":\"<a href=\\\"https:\\\/\\\/wmagazin.com\\\/muere-sergio-pitol-el-escritor-mexicano-nomada-de-la-vida-y-de-los-generos-literarios\\\/\\\" target=\\\"_blank\\\" rel=\\\"noreferrer noopener\\\">Manrique Sabogal, Winston. \\\"Sergio Pitol, the Nomadic Mexican Writer of Life and Literary Genres, Dies.\\\" <em>WMagaz\\u00edn<\\\/em>, 12 Apr. 2018.<\\\/a>\"}]"},"class_list":["post-15","page","type-page","status-publish","hentry"],"_links":{"self":[{"href":"https:\/\/humanitieslab.goucher.edu\/emma-and-the-art-of-translation\/wp-json\/wp\/v2\/pages\/15","targetHints":{"allow":["GET"]}}],"collection":[{"href":"https:\/\/humanitieslab.goucher.edu\/emma-and-the-art-of-translation\/wp-json\/wp\/v2\/pages"}],"about":[{"href":"https:\/\/humanitieslab.goucher.edu\/emma-and-the-art-of-translation\/wp-json\/wp\/v2\/types\/page"}],"author":[{"embeddable":true,"href":"https:\/\/humanitieslab.goucher.edu\/emma-and-the-art-of-translation\/wp-json\/wp\/v2\/users\/47"}],"replies":[{"embeddable":true,"href":"https:\/\/humanitieslab.goucher.edu\/emma-and-the-art-of-translation\/wp-json\/wp\/v2\/comments?post=15"}],"version-history":[{"count":55,"href":"https:\/\/humanitieslab.goucher.edu\/emma-and-the-art-of-translation\/wp-json\/wp\/v2\/pages\/15\/revisions"}],"predecessor-version":[{"id":363,"href":"https:\/\/humanitieslab.goucher.edu\/emma-and-the-art-of-translation\/wp-json\/wp\/v2\/pages\/15\/revisions\/363"}],"wp:attachment":[{"href":"https:\/\/humanitieslab.goucher.edu\/emma-and-the-art-of-translation\/wp-json\/wp\/v2\/media?parent=15"}],"curies":[{"name":"wp","href":"https:\/\/api.w.org\/{rel}","templated":true}]}}