{"id":17,"date":"2024-12-10T06:47:27","date_gmt":"2024-12-10T06:47:27","guid":{"rendered":"https:\/\/humanitieslab.goucher.edu\/peru\/?page_id=17"},"modified":"2024-12-10T06:47:27","modified_gmt":"2024-12-10T06:47:27","slug":"peru","status":"publish","type":"page","link":"https:\/\/humanitieslab.goucher.edu\/peru\/peru\/","title":{"rendered":"Per\u00fa"},"content":{"rendered":"\n<p>Publicado Por: Vivika Cordova y Avery McEachern<\/p>\n\n\n\n<div class=\"wp-block-group alignfull has-gradient-3-gradient-background has-background has-global-padding is-layout-constrained wp-container-core-group-is-layout-669513ed wp-block-group-is-layout-constrained\" style=\"margin-top:0;margin-bottom:0;padding-top:var(--wp--preset--spacing--50);padding-right:var(--wp--preset--spacing--50);padding-bottom:var(--wp--preset--spacing--50);padding-left:var(--wp--preset--spacing--50)\">\n<div class=\"wp-block-columns alignwide is-layout-flex wp-container-core-columns-is-layout-1da03c2a wp-block-columns-is-layout-flex\">\n<div class=\"wp-block-column is-vertically-aligned-stretch is-layout-flow wp-block-column-is-layout-flow\" style=\"flex-basis:50%\">\n<div class=\"wp-block-group is-vertical is-content-justification-stretch is-layout-flex wp-container-core-group-is-layout-444d5ee8 wp-block-group-is-layout-flex\" style=\"min-height:100%\">\n<p class=\"has-medium-font-size\" style=\"line-height:1.2\">Per\u00fa es conocido principalmente por Machu Picchu y la historia Inca. En nuestra exposici\u00f3n queremos hablar sobre la presencia y herencia de los pueblos ind\u00edgenas en Per\u00fa. El idioma del Imperio Inca era el quechua, un idioma que todav\u00eda existe hoy en d\u00eda. Queremos crear conciencia sobre este importante idioma, ya que es el idioma de los antepasados \u200b\u200by debe ser respetado y reconocido a medida que se transmite a las generaciones m\u00e1s j\u00f3venes.<\/p>\n\n\n\n<p class=\"has-medium-font-size\" style=\"line-height:1.2\">Despu\u00e9s de explorar la historia del Imperio Inca y cu\u00e1n negativo fue el papel de la colonizaci\u00f3n en los grupos ind\u00edgenas, analizamos las consecuencias de la colonizaci\u00f3n y c\u00f3mo eso se tradujo al idioma quechua para la gente de hoy. Liberato Kani, un artista de hip hop que rapea en espa\u00f1ol y quechua, crea conciencia sobre el problema del odio que enfrentan las personas que hablan quechua. \u00a1Esperamos que disfrutes de esta exposici\u00f3n y aprendas algo nuevo sobre Per\u00fa!<\/p>\n\n\n\n<div class=\"wp-block-group has-global-padding is-content-justification-left is-layout-constrained wp-container-core-group-is-layout-9fe8ed88 wp-block-group-is-layout-constrained\"><\/div>\n<\/div>\n<\/div>\n\n\n\n<div class=\"wp-block-column is-vertically-aligned-center is-layout-flow wp-block-column-is-layout-flow\" style=\"flex-basis:50%\">\n<figure class=\"wp-block-image size-large is-resized is-style-rounded is-style-rounded--1\"><img loading=\"lazy\" decoding=\"async\" width=\"1024\" height=\"683\" src=\"https:\/\/humanitieslab.goucher.edu\/peru\/wp-content\/uploads\/sites\/30\/2024\/12\/Flag-Peru-1024x683.webp\" alt=\"\" class=\"wp-image-18\" style=\"aspect-ratio:0.75;object-fit:cover;width:464px;height:auto\" srcset=\"https:\/\/humanitieslab.goucher.edu\/peru\/wp-content\/uploads\/sites\/30\/2024\/12\/Flag-Peru-1024x683.webp 1024w, https:\/\/humanitieslab.goucher.edu\/peru\/wp-content\/uploads\/sites\/30\/2024\/12\/Flag-Peru-300x200.webp 300w, https:\/\/humanitieslab.goucher.edu\/peru\/wp-content\/uploads\/sites\/30\/2024\/12\/Flag-Peru-768x512.webp 768w, https:\/\/humanitieslab.goucher.edu\/peru\/wp-content\/uploads\/sites\/30\/2024\/12\/Flag-Peru-1536x1024.webp 1536w, https:\/\/humanitieslab.goucher.edu\/peru\/wp-content\/uploads\/sites\/30\/2024\/12\/Flag-Peru.webp 1600w\" sizes=\"auto, (max-width: 1024px) 100vw, 1024px\" \/><\/figure>\n\n\n\n<p class=\"wp-container-content-0733e5d0\">Bandera del Per\u00fa<\/p>\n<\/div>\n<\/div>\n<\/div>\n\n\n\n<div class=\"wp-block-group alignfull has-background has-global-padding is-layout-constrained wp-container-core-group-is-layout-d89aad35 wp-block-group-is-layout-constrained\" style=\"background:linear-gradient(0deg,#D8613C 0%,#F9F9F9 100%);margin-top:0;margin-bottom:0;padding-top:var(--wp--preset--spacing--50);padding-right:var(--wp--preset--spacing--50);padding-bottom:var(--wp--preset--spacing--50);padding-left:var(--wp--preset--spacing--50)\">\n<div class=\"wp-block-columns alignwide is-layout-flex wp-container-core-columns-is-layout-549b0c86 wp-block-columns-is-layout-flex\">\n<div class=\"wp-block-column has-global-padding is-content-justification-left is-layout-constrained wp-container-core-column-is-layout-4f15e8fe wp-block-column-is-layout-constrained\" style=\"flex-basis:40%\">\n<p class=\"has-medium-font-size\">Senderismo en los Andes<\/p>\n\n\n\n<figure class=\"wp-block-image\"><img decoding=\"async\" src=\"https:\/\/lh7-rt.googleusercontent.com\/slidesz\/AGV_vUdd7ny3XauVZzooE3hy2t-TVbML4IsN8uLqcF_QArltRuP7bK4-tstzQfhHBRhUPSKZx3_eja9TJFf6awSd-p3ecfaWzlZkQU9tsoR4iFbFXtP5HZuDmjvmb6alwGn06NgH-lDca1IUJxpB1neQzBxZskIjqv7z=s2048?key=_fIjJ3EyY3zI8nw4gHpzSQ\" alt=\"5 Ways to Cross the Andes Mountains\" style=\"aspect-ratio:3\/2;object-fit:cover\" \/><\/figure>\n\n\n\n<p>M\u00e1s senderismo en los Andes<\/p>\n\n\n\n<figure class=\"wp-block-image\"><img decoding=\"async\" src=\"https:\/\/lh7-rt.googleusercontent.com\/slidesz\/AGV_vUc7RK3Z6aM7YSUPV0Rn6nwMCd61qp-sXzDggj8BnkcBSKNE13NRQa9vMZ-XG74Dl16PSgSi0lDrDk474o7_ruYIKB5oAAti5pfagQvTHbkJ4FwGAp4dtWjrr7JC41Hit3meQ7wOgUFrCUn9je5sESSPX_4TtJI=s2048?key=_fIjJ3EyY3zI8nw4gHpzSQ\" alt=\"Highest Peaks of Peru Mountains: Exploring the Andes Range\" \/><\/figure>\n\n\n\n<p>Turista explorando Machu Picchu<\/p>\n\n\n\n<figure class=\"wp-block-image\"><img decoding=\"async\" src=\"https:\/\/lh7-rt.googleusercontent.com\/slidesz\/AGV_vUfkKifNYs6xsDBpW7sjFa7XX9ktDfE8nTn9vpe7fA7NRuy_SY0jdKNdYO-kM0B3qYixrQ0TVcnjDB_QZdQlb_BNVw-ziQ7dHaLy1jBmvxfOJX3m1pf2Z8F1WZh73rKDJXO4zNwVQJnbNkCSGrnUj29cmgas9nC0=s2048?key=_fIjJ3EyY3zI8nw4gHpzSQ\" alt=\"Machu Picchu Citadel | Peru Tourist Attraction | Sumaq Hotel\" \/><\/figure>\n<\/div>\n\n\n\n<div class=\"wp-block-column is-layout-flow wp-container-core-column-is-layout-119bc444 wp-block-column-is-layout-flow\" style=\"flex-basis:60%\">\n<p class=\"has-heading-font-family has-x-large-font-size\" style=\"line-height:1.2\">Geograf\u00eda<\/p>\n\n\n\n<div class=\"wp-block-columns is-layout-flex wp-container-core-columns-is-layout-87beb0d0 wp-block-columns-is-layout-flex\">\n<div class=\"wp-block-column is-vertically-aligned-bottom is-layout-flow wp-block-column-is-layout-flow\">\n<p class=\"has-text-align-left has-medium-font-size wp-container-content-9cfa9a5a\">Dado que Per\u00fa es conocido principalmente por Machu Picchu, muchos turistas van a visitar Per\u00fa solo para ver este hermoso lugar. Machu Picchu es una antigua ciudad inca en las monta\u00f1as de los Andes del Per\u00fa. Machu Picchu sirvi\u00f3 como un lugar sagrado donde los incas adoraban a sus dioses. Hecho de piedra y madera, Machu Picchu sigue en pie hoy en d\u00eda. Muchas personas visitan este lugar no solo por su belleza, sino tambi\u00e9n por la profunda historia que lo acompa\u00f1a. Por ejemplo, la historia y la agricultura inca. La cordillera de los Andes tambi\u00e9n es una atracci\u00f3n muy importante en Per\u00fa. Muchas personas visitan esta atracci\u00f3n principalmente por su historia y cultura. Esta atracci\u00f3n tambi\u00e9n es famosa por las muchas actividades al aire libre y los hermosos paisajes, como el senderismo y la equitaci\u00f3n.<\/p>\n<\/div>\n<\/div>\n\n\n\n<figure class=\"wp-block-image\"><img decoding=\"async\" src=\"https:\/\/lh7-rt.googleusercontent.com\/slidesz\/AGV_vUehqg7YCv16uG17lX6E4qSVQgk1kNYfs1PjcuCiLxPr5ZBLGhfwI3oNisk6ADlLYRrnvdKUSmjOQXqxfmghwFS86IqOwuYbGv2UITtvEDBAsR0QsCn9f4hJ8LpLDiaEgHdXfdk7NgDmawYJ4tD7ijZbHN0ZeNd_=s2048?key=_fIjJ3EyY3zI8nw4gHpzSQ\" alt=\"Machu Picchu, Peru: All You Must Know Before You Go (2024) - Tripadvisor\" \/><\/figure>\n\n\n\n<p class=\"has-text-align-center\">Machu Picchu<\/p>\n<\/div>\n<\/div>\n<\/div>\n\n\n\n<div class=\"wp-block-group alignfull has-gradient-3-gradient-background has-background is-nowrap is-layout-flex wp-container-core-group-is-layout-560e8266 wp-block-group-is-layout-flex\" style=\"margin-top:0;margin-bottom:0;padding-top:var(--wp--preset--spacing--50);padding-right:var(--wp--preset--spacing--50);padding-bottom:var(--wp--preset--spacing--50);padding-left:var(--wp--preset--spacing--50)\">\n<div class=\"wp-block-columns alignwide is-layout-flex wp-container-core-columns-is-layout-1da03c2a wp-block-columns-is-layout-flex\">\n<div class=\"wp-block-column is-vertically-aligned-center is-layout-flow wp-block-column-is-layout-flow\" style=\"flex-basis:60%\">\n<figure class=\"wp-block-image\"><img decoding=\"async\" src=\"https:\/\/lh7-rt.googleusercontent.com\/slidesz\/AGV_vUdxePQgcIXdsSkCAKZDgookraW5AnM8RUdx235fTqUmzwQ-JS-P8zuOLMOP8tbYovDZ6svTUWyFzPWn0Er07KZ9hWv27lX8JxqoOA5PUT56PKS7c3bRzHK2bdD-pzt_KQvYhhNYZVX9OzYaBVH-qHYlFeYCh4Tq=s2048?key=jFsMPyUEMrIBVL48yLnfUA\" alt=\"\" \/><\/figure>\n\n\n\n<p class=\"has-text-align-center\">Francisco Pizarro capturando al emperador Atahualpa en 1532<\/p>\n<\/div>\n\n\n\n<div class=\"wp-block-column is-layout-flow wp-block-column-is-layout-flow\" style=\"flex-basis:40%\">\n<h2 class=\"wp-block-heading\">Historia<\/h2>\n\n\n\n<p class=\"has-medium-font-size\">La parte m\u00e1s impactante de la historia que ha sucedido en Per\u00fa fue la conquista espa\u00f1ola que se apoder\u00f3 del imperio Inca. La raz\u00f3n por la que esto fue tan impactante fue porque cuando los espa\u00f1oles tomaron el poder, colonizaron y exterminaron la cultura Inca. La toma espa\u00f1ola del poder fue una gran raz\u00f3n para la colonizaci\u00f3n de los incas porque los incas fueron esclavizados por los espa\u00f1oles y los espa\u00f1oles tambi\u00e9n hab\u00edan incorporado su propia agricultura. Debido a que los incas fueron esclavizados por los espa\u00f1oles, hubo una gran p\u00e9rdida porque los espa\u00f1oles los hab\u00edan obligado a realizar trabajos muy peligrosos, como la miner\u00eda de muchos minerales y metales diferentes. Muchos incas enfermaron y murieron debido a enfermedades que contrajeron de los espa\u00f1oles.<\/p>\n\n\n\n<div class=\"wp-block-buttons is-layout-flex wp-block-buttons-is-layout-flex\"><\/div>\n<\/div>\n<\/div>\n<\/div>\n\n\n\n<div class=\"wp-block-group alignfull has-background has-global-padding is-layout-constrained wp-container-core-group-is-layout-669513ed wp-block-group-is-layout-constrained\" style=\"background:linear-gradient(0deg,#D8613C 0%,#F9F9F9 100%);margin-top:0;margin-bottom:0;padding-top:var(--wp--preset--spacing--50);padding-right:var(--wp--preset--spacing--50);padding-bottom:var(--wp--preset--spacing--50);padding-left:var(--wp--preset--spacing--50)\">\n<div class=\"wp-block-group is-vertical is-content-justification-center is-layout-flex wp-container-core-group-is-layout-ce155fab wp-block-group-is-layout-flex\">\n<h2 class=\"wp-block-heading has-text-align-center has-xx-large-font-size\">Canci\u00f3n <\/h2>\n\n\n\n<p class=\"has-text-align-left\">Liberato Kani es un artista cuyo objetivo es introducir el idioma quechua a todas las personas y a\u00f1adir el idioma quechua a la m\u00fasica convencional. Su principal objetivo es empoderar a todas las comunidades ind\u00edgenas de los Andes. Liberato quiere crear un entorno positivo para que las generaciones futuras se sientan lo suficientemente c\u00f3modas como para compartir su m\u00fasica quechua con el mundo. En su canci\u00f3n &#8220;PAWASPAY&#8221;, el artista interpreta la canci\u00f3n en espa\u00f1ol y quechua. La canci\u00f3n es una representaci\u00f3n de la identidad cultural, la resistencia y el orgullo. El objetivo que tiene con su m\u00fasica es utilizar por completo el quechua para empezar a cantar y dejar atr\u00e1s el espa\u00f1ol. Liberato quiere que el quechua sea un uso de la vida cotidiana de todos en Per\u00fa.<\/p>\n<\/div>\n\n\n\n<div style=\"height:var(--wp--preset--spacing--30)\" aria-hidden=\"true\" class=\"wp-block-spacer\"><\/div>\n\n\n\n<div class=\"wp-block-columns alignwide is-layout-flex wp-container-core-columns-is-layout-4935966c wp-block-columns-is-layout-flex\" style=\"padding-right:0;padding-left:0\">\n<div class=\"wp-block-column is-layout-flow wp-block-column-is-layout-flow\">\n<div class=\"wp-block-group is-vertical is-content-justification-center is-nowrap is-layout-flex wp-container-core-group-is-layout-21d4e958 wp-block-group-is-layout-flex\">\n<figure class=\"wp-block-image\"><img decoding=\"async\" src=\"https:\/\/lh7-rt.googleusercontent.com\/slidesz\/AGV_vUd458B7Vped2aetbvKmQLc2VFA5m-SkrFJnkAT8poupo_wZMuZKlS9kffbKexJXQ9C7kPrb4uKSK86MjdP0pttZyXJlZZbjrk4MrgD_iS9VtXq3LlW0xvdqRm99q0XjpIf8VMIWbA=s2048?key=2H1HRp5ZGyBOj3Nt8kQqZb_1\" alt=\"\" \/><\/figure>\n\n\n\n<p class=\"has-text-align-center has-small-font-size\">Portada del single Liberarto<\/p>\n<\/div>\n<\/div>\n\n\n\n<div class=\"wp-block-column is-layout-flow wp-block-column-is-layout-flow\">\n<figure class=\"wp-block-image\"><img decoding=\"async\" src=\"https:\/\/lh7-rt.googleusercontent.com\/slidesz\/AGV_vUdbLfOuPnGyuDz4YEWRk2imJu4JaYt_56YLrZC9HDUjblQ_h31046fHSIMwYoscIvlVsr-2OWNY9MOKmBcB7VaQlACpD_BEUcooX82DYp5qrx2Belwn1XCW0CKyiKcFDiBGuaM3ZA=s2048?key=2H1HRp5ZGyBOj3Nt8kQqZb_1\" alt=\"\" \/><\/figure>\n<\/div>\n\n\n\n<div class=\"wp-block-column is-layout-flow wp-block-column-is-layout-flow\">\n<figure class=\"wp-block-image\"><img decoding=\"async\" src=\"https:\/\/lh7-rt.googleusercontent.com\/slidesz\/AGV_vUfml9ZI9b3GAxFRpL3rkxB-M3o6jOFuM9c6DgfnCQuLKvVanAP1Nwpp8M98mmlzEUK1UZbPz-CC6MejyN8MTUpAxMB6hYcq2ZCy3pDVMh5bXkmNn1CpCkOAHSHgO0S_YAeNQKUp7g=s2048?key=2H1HRp5ZGyBOj3Nt8kQqZb_1\" alt=\"\" \/><\/figure>\n\n\n\n<div class=\"wp-block-group is-vertical is-content-justification-center is-nowrap is-layout-flex wp-container-core-group-is-layout-63bfd6c1 wp-block-group-is-layout-flex\">\n<p class=\"has-text-align-center has-small-font-size\">Una foto del v\u00eddeo musical de PAWASPAY<\/p>\n<\/div>\n<\/div>\n<\/div>\n<\/div>\n\n\n\n<figure class=\"wp-block-embed alignwide is-type-video is-provider-youtube wp-block-embed-youtube wp-embed-aspect-16-9 wp-has-aspect-ratio\"><div class=\"wp-block-embed__wrapper\">\n<iframe loading=\"lazy\" title=\"Liberato Kani - PAWASPAY (Video Oficial)\" width=\"500\" height=\"281\" src=\"https:\/\/www.youtube.com\/embed\/556TNojGXx0?feature=oembed\" frameborder=\"0\" allow=\"accelerometer; autoplay; clipboard-write; encrypted-media; gyroscope; picture-in-picture; web-share\" referrerpolicy=\"strict-origin-when-cross-origin\" allowfullscreen><\/iframe>\n<\/div><\/figure>\n\n\n\n<div class=\"wp-block-group alignfull has-gradient-3-gradient-background has-background has-global-padding is-layout-constrained wp-container-core-group-is-layout-d89aad35 wp-block-group-is-layout-constrained\" style=\"margin-top:0;margin-bottom:0;padding-top:var(--wp--preset--spacing--50);padding-right:var(--wp--preset--spacing--50);padding-bottom:var(--wp--preset--spacing--50);padding-left:var(--wp--preset--spacing--50)\">\n<div class=\"wp-block-columns alignwide are-vertically-aligned-center is-layout-flex wp-container-core-columns-is-layout-47c06fe3 wp-block-columns-is-layout-flex\">\n<div class=\"wp-block-column is-vertically-aligned-center is-layout-flow wp-block-column-is-layout-flow\" style=\"flex-basis:50%\">\n<h2 class=\"wp-block-heading\">Artefacto<\/h2>\n\n\n\n<p>Hoy en d\u00eda, en Per\u00fa, el tejido andino es muy popular por mostrar s\u00edmbolos quechuas y diferentes patrones. La mayor\u00eda de estas piezas tejidas intentan contar una historia muy detallada que el artista intenta retratar utilizando su entorno natural. Todos los detalles de las piezas tejidas se hacen a mano y no solo el arte se hace a mano, sino que el artista tambi\u00e9n ti\u00f1e e hila la pieza de hilo para que se ajuste al color y grosor deseados. En muchas otras comunidades hay otros patrones que tienen que ver con la regi\u00f3n en la que se encuentran. La forma en que se ense\u00f1a la t\u00e9cnica del tejido es observando y copiando a los ancianos que lo est\u00e1n haciendo. Muchos de los s\u00edmbolos que se muestran en el proceso de tejido son animales, personas, flores y abstracciones.<\/p>\n\n\n\n<div class=\"wp-block-buttons is-layout-flex wp-block-buttons-is-layout-flex\">\n<div class=\"wp-block-button\"><a class=\"wp-block-button__link wp-element-button\" href=\"https:\/\/threadsofperu.com\/pages\/quechua-symbols-patterns\">Patrones de s\u00edmbolos quechuas<\/a><\/div>\n<\/div>\n\n\n\n<div class=\"wp-block-buttons is-layout-flex wp-block-buttons-is-layout-flex\"><\/div>\n<\/div>\n\n\n\n<div class=\"wp-block-column is-vertically-aligned-center is-layout-flow wp-block-column-is-layout-flow\" style=\"flex-basis:50%\">\n<figure class=\"wp-block-image size-full\"><img loading=\"lazy\" decoding=\"async\" width=\"960\" height=\"269\" src=\"https:\/\/humanitieslab.goucher.edu\/peru\/wp-content\/uploads\/sites\/30\/2024\/12\/image.png\" alt=\"\" class=\"wp-image-24\" srcset=\"https:\/\/humanitieslab.goucher.edu\/peru\/wp-content\/uploads\/sites\/30\/2024\/12\/image.png 960w, https:\/\/humanitieslab.goucher.edu\/peru\/wp-content\/uploads\/sites\/30\/2024\/12\/image-300x84.png 300w, https:\/\/humanitieslab.goucher.edu\/peru\/wp-content\/uploads\/sites\/30\/2024\/12\/image-768x215.png 768w\" sizes=\"auto, (max-width: 960px) 100vw, 960px\" \/><\/figure>\n\n\n\n<figure class=\"wp-block-image size-full is-resized\"><img loading=\"lazy\" decoding=\"async\" width=\"867\" height=\"419\" src=\"https:\/\/humanitieslab.goucher.edu\/peru\/wp-content\/uploads\/sites\/30\/2024\/12\/image-3.png\" alt=\"\" class=\"wp-image-27\" style=\"width:482px;height:auto\" srcset=\"https:\/\/humanitieslab.goucher.edu\/peru\/wp-content\/uploads\/sites\/30\/2024\/12\/image-3.png 867w, https:\/\/humanitieslab.goucher.edu\/peru\/wp-content\/uploads\/sites\/30\/2024\/12\/image-3-300x145.png 300w, https:\/\/humanitieslab.goucher.edu\/peru\/wp-content\/uploads\/sites\/30\/2024\/12\/image-3-768x371.png 768w\" sizes=\"auto, (max-width: 867px) 100vw, 867px\" \/><\/figure>\n<\/div>\n<\/div>\n<\/div>\n","protected":false},"excerpt":{"rendered":"<p>Publicado Por: Vivika Cordova y Avery McEachern Per\u00fa es conocido principalmente por Machu Picchu y la historia Inca. En nuestra exposici\u00f3n queremos hablar sobre la presencia y herencia de los pueblos ind\u00edgenas en Per\u00fa. El idioma del Imperio Inca era el quechua, un idioma que todav\u00eda existe hoy en d\u00eda. Queremos crear conciencia sobre este [&hellip;]<\/p>\n","protected":false},"author":66,"featured_media":0,"parent":0,"menu_order":0,"comment_status":"closed","ping_status":"closed","template":"","meta":{"_monsterinsights_skip_tracking":false,"_monsterinsights_sitenote_active":false,"_monsterinsights_sitenote_note":"","_monsterinsights_sitenote_category":0,"footnotes":""},"class_list":["post-17","page","type-page","status-publish","hentry"],"_links":{"self":[{"href":"https:\/\/humanitieslab.goucher.edu\/peru\/wp-json\/wp\/v2\/pages\/17","targetHints":{"allow":["GET"]}}],"collection":[{"href":"https:\/\/humanitieslab.goucher.edu\/peru\/wp-json\/wp\/v2\/pages"}],"about":[{"href":"https:\/\/humanitieslab.goucher.edu\/peru\/wp-json\/wp\/v2\/types\/page"}],"author":[{"embeddable":true,"href":"https:\/\/humanitieslab.goucher.edu\/peru\/wp-json\/wp\/v2\/users\/66"}],"replies":[{"embeddable":true,"href":"https:\/\/humanitieslab.goucher.edu\/peru\/wp-json\/wp\/v2\/comments?post=17"}],"version-history":[{"count":9,"href":"https:\/\/humanitieslab.goucher.edu\/peru\/wp-json\/wp\/v2\/pages\/17\/revisions"}],"predecessor-version":[{"id":33,"href":"https:\/\/humanitieslab.goucher.edu\/peru\/wp-json\/wp\/v2\/pages\/17\/revisions\/33"}],"wp:attachment":[{"href":"https:\/\/humanitieslab.goucher.edu\/peru\/wp-json\/wp\/v2\/media?parent=17"}],"curies":[{"name":"wp","href":"https:\/\/api.w.org\/{rel}","templated":true}]}}