{"id":23,"date":"2024-12-10T05:12:36","date_gmt":"2024-12-10T05:12:36","guid":{"rendered":"https:\/\/humanitieslab.goucher.edu\/venezuela\/?page_id=23"},"modified":"2024-12-11T23:57:42","modified_gmt":"2024-12-11T23:57:42","slug":"historia","status":"publish","type":"page","link":"https:\/\/humanitieslab.goucher.edu\/venezuela\/historia\/","title":{"rendered":"Historia"},"content":{"rendered":"\n<div class=\"wp-block-group alignfull has-accent-2-background-color has-background is-layout-constrained wp-container-core-group-is-layout-669513ed wp-block-group-is-layout-constrained\" style=\"margin-top:0;margin-bottom:0;padding-top:var(--wp--preset--spacing--50);padding-right:var(--wp--preset--spacing--50);padding-bottom:var(--wp--preset--spacing--50);padding-left:var(--wp--preset--spacing--50)\">\n<div class=\"wp-block-columns alignwide is-layout-flex wp-container-core-columns-is-layout-28f84493 wp-block-columns-is-layout-flex\">\n<div class=\"wp-block-column is-layout-flow wp-block-column-is-layout-flow\" style=\"flex-basis:40%\">\n<p class=\"has-text-align-center wp-container-content-0733e5d0\">Una linea de tiempo por la historia del petr\u00f3leo<\/p>\n\n\n\n<figure class=\"wp-block-image size-full\"><img loading=\"lazy\" decoding=\"async\" width=\"1024\" height=\"768\" src=\"https:\/\/humanitieslab.goucher.edu\/venezuela\/wp-content\/uploads\/sites\/28\/2024\/12\/Minimalist-Timeline-Diagram-Concept-Map-3.png\" alt=\"\" class=\"wp-image-61\" srcset=\"https:\/\/humanitieslab.goucher.edu\/venezuela\/wp-content\/uploads\/sites\/28\/2024\/12\/Minimalist-Timeline-Diagram-Concept-Map-3.png 1024w, https:\/\/humanitieslab.goucher.edu\/venezuela\/wp-content\/uploads\/sites\/28\/2024\/12\/Minimalist-Timeline-Diagram-Concept-Map-3-300x225.png 300w, https:\/\/humanitieslab.goucher.edu\/venezuela\/wp-content\/uploads\/sites\/28\/2024\/12\/Minimalist-Timeline-Diagram-Concept-Map-3-768x576.png 768w\" sizes=\"auto, (max-width: 1024px) 100vw, 1024px\" \/><\/figure>\n<\/div>\n\n\n\n<div class=\"wp-block-column is-layout-flow wp-block-column-is-layout-flow\" style=\"flex-basis:60%\">\n<p>La historia del petr\u00f3leo en Venezuela es esencial para entender Venezuela en hoy d\u00eda, especialmente por los situaciones polit\u00edcos y socioecon\u00f3micos. Cuando el petr\u00f3leo ha descubierto, en el siglo XX, la econom\u00eda cambiaba en un gran manera. Antes del petr\u00f3leo, la argicultura era el primer export\u00e1 del pa\u00eds, que no es muy precio. El pa\u00eds se convert\u00eda en una econom\u00eda muy rica, porque el petr\u00f3leo es muy precio.<\/p>\n\n\n\n<p class=\"has-heading-font-family has-x-large-font-size\" style=\"line-height:1.2\"><\/p>\n<\/div>\n<\/div>\n\n\n\n<div style=\"height:var(--wp--preset--spacing--40)\" aria-hidden=\"true\" class=\"wp-block-spacer\"><\/div>\n\n\n\n<figure class=\"wp-block-image alignwide size-full is-style-rounded\"><img loading=\"lazy\" decoding=\"async\" width=\"300\" height=\"168\" src=\"https:\/\/humanitieslab.goucher.edu\/venezuela\/wp-content\/uploads\/sites\/28\/2024\/12\/download-1-1.jpeg\" alt=\"\" class=\"wp-image-58\" \/><\/figure>\n<\/div>\n\n\n\n<div class=\"wp-block-group alignfull has-base-background-color has-background is-layout-constrained wp-container-core-group-is-layout-d89aad35 wp-block-group-is-layout-constrained\" style=\"margin-top:0;margin-bottom:0;padding-top:var(--wp--preset--spacing--50);padding-right:var(--wp--preset--spacing--50);padding-bottom:var(--wp--preset--spacing--50);padding-left:var(--wp--preset--spacing--50)\">\n<div class=\"wp-block-columns alignwide is-layout-flex wp-container-core-columns-is-layout-549b0c86 wp-block-columns-is-layout-flex\">\n<div class=\"wp-block-column is-content-justification-left is-layout-constrained wp-container-core-column-is-layout-4f15e8fe wp-block-column-is-layout-constrained\" style=\"flex-basis:40%\">\n<h2 class=\"wp-block-heading\">Como Venezuela se convert\u00ed en un parte de la econom\u00edca global<\/h2>\n<\/div>\n\n\n\n<div class=\"wp-block-column is-layout-flow wp-container-core-column-is-layout-119bc444 wp-block-column-is-layout-flow\" style=\"flex-basis:60%\">\n<h2 class=\"wp-block-heading has-x-large-font-size\">Y el impacto por el pa\u00eds<\/h2>\n\n\n\n<div class=\"wp-block-columns is-layout-flex wp-container-core-columns-is-layout-87beb0d0 wp-block-columns-is-layout-flex\">\n<div class=\"wp-block-column is-layout-flow wp-block-column-is-layout-flow\">\n<p class=\"wp-container-content-9cfa9a5a\">Venezuela ha sido hist\u00f3ricamente considerado uno de los pa\u00edses con mayores reservas de petr\u00f3leo del mundo, lo que lo ha llevado a ser catalogado como un pa\u00eds rico en recursos naturales. Sin embargo, esta riqueza no se ha traducido en un desarrollo econ\u00f3mico sostenible y equitativo, ya que el pa\u00eds enfrenta una profunda crisis econ\u00f3mica,marcada por la hiperinflaci\u00f3n, un colapso en la producci\u00f3n de petr\u00f3leo y una disminuci\u00f3n dr\u00e1stica en el nivel de vida de sus ciudadanos.<\/p>\n<\/div>\n\n\n\n<div class=\"wp-block-column is-layout-flow wp-block-column-is-layout-flow\">\n<p>Aunque Venezuela posee vastos recursos naturales, incluido el petr\u00f3leo, su actual crisis econ\u00f3mica y social revela que ser un pa\u00eds rico en recursos no implica necesariamente riqueza real, ya que factores como la mala gesti\u00f3n, la corrupci\u00f3n y el uso inadecuado de estos recursos han llevado a una dram\u00e1tica disminuci\u00f3n en la calidad de vida de sus ciudadanos.&nbsp;<br><\/p>\n<\/div>\n<\/div>\n<\/div>\n<\/div>\n<\/div>\n\n\n\n<div class=\"wp-block-cover alignfull has-parallax\" style=\"padding-top:var(--wp--preset--spacing--50);padding-right:var(--wp--preset--spacing--50);padding-bottom:var(--wp--preset--spacing--50);padding-left:var(--wp--preset--spacing--50);min-height:708px;aspect-ratio:unset;\"><span aria-hidden=\"true\" class=\"wp-block-cover__background has-base-background-color has-background-dim-0 has-background-dim\"><\/span><div class=\"wp-block-cover__image-background wp-image-59 has-parallax\" style=\"background-position:50% 50%;background-image:url(https:\/\/humanitieslab.goucher.edu\/venezuela\/wp-content\/uploads\/sites\/28\/2024\/12\/download-2.jpeg)\"><\/div><div class=\"wp-block-cover__inner-container is-layout-constrained wp-container-core-cover-is-layout-e4fd886c wp-block-cover-is-layout-constrained\">\n<div style=\"height:500px\" aria-hidden=\"true\" class=\"wp-block-spacer\"><\/div>\n<\/div><\/div>\n\n\n\n<div class=\"wp-block-group alignfull has-base-2-background-color has-background is-layout-constrained wp-container-core-group-is-layout-7cd14b77 wp-block-group-is-layout-constrained\" style=\"margin-top:0;margin-bottom:0;padding-top:var(--wp--preset--spacing--60);padding-right:var(--wp--preset--spacing--60);padding-bottom:var(--wp--preset--spacing--60);padding-left:var(--wp--preset--spacing--60)\">\n<div class=\"wp-block-group alignwide is-layout-flow wp-block-group-is-layout-flow\">\n<div style=\"height:var(--wp--preset--spacing--50)\" aria-hidden=\"true\" class=\"wp-block-spacer\"><\/div>\n\n\n\n<p class=\"has-text-align-center has-heading-font-family has-x-large-font-size\" style=\"font-style:normal;font-weight:400;line-height:1.2\">En el poder de Chavez y Maduro, denominaron a sus reg\u00edmenes \u201cEl socialismo del siglo XXI\u201d, cuyo lema es \u201cPatria, socialismo o muerte.\u201d<\/p>\n\n\n\n<div style=\"height:108px\" aria-hidden=\"true\" class=\"wp-block-spacer\"><\/div>\n<\/div>\n<\/div>\n\n\n\n<div class=\"wp-block-group alignfull has-base-2-color has-contrast-background-color has-text-color has-background has-link-color wp-elements-d051347333f9db5eb8b8c253f012e249 is-layout-constrained wp-container-core-group-is-layout-facafb6f wp-block-group-is-layout-constrained\" style=\"margin-top:0;margin-bottom:0;padding-top:var(--wp--preset--spacing--50);padding-right:var(--wp--preset--spacing--50);padding-bottom:var(--wp--preset--spacing--50);padding-left:var(--wp--preset--spacing--50)\">\n<div class=\"wp-block-columns alignwide is-layout-flex wp-container-core-columns-is-layout-d1c656ed wp-block-columns-is-layout-flex\">\n<div class=\"wp-block-column is-vertically-aligned-stretch is-layout-flow wp-block-column-is-layout-flow\" style=\"padding-right:0;flex-basis:60%\">\n<div class=\"wp-block-group is-vertical is-content-justification-stretch is-layout-flex wp-container-core-group-is-layout-5621715d wp-block-group-is-layout-flex\" style=\"min-height:100%\">\n<p class=\"has-large-font-size\" style=\"font-style:normal;font-weight:500;line-height:1.2\">La gesti\u00f3n ineficaz y corrupta de los gobiernos de Hugo Chavez y Nicolas Maduro ha llevado a un deterioro dr\u00e1stico de la calidad de vida, obligando a millones de venezolanos a emigrar en busca de mejores condiciones. Este fen\u00f3meno revela no s\u00f3lo el fracaso de un modelo econ\u00f3mico que promet\u00eda bienestar, sino tambi\u00e9n la grave crisis humanitaria que afecta a una poblaci\u00f3n que alguna vez disfrut\u00f3 de un alto nivel de vida.<\/p>\n\n\n\n<p class=\"has-medium-font-size\">2. Un fot\u00f3 de Hugo Chavez<\/p>\n\n\n\n<figure class=\"wp-block-image size-full\"><img loading=\"lazy\" decoding=\"async\" width=\"1024\" height=\"600\" src=\"https:\/\/humanitieslab.goucher.edu\/venezuela\/wp-content\/uploads\/sites\/28\/2024\/12\/image-8.png\" alt=\"\" class=\"wp-image-113\" srcset=\"https:\/\/humanitieslab.goucher.edu\/venezuela\/wp-content\/uploads\/sites\/28\/2024\/12\/image-8.png 1024w, https:\/\/humanitieslab.goucher.edu\/venezuela\/wp-content\/uploads\/sites\/28\/2024\/12\/image-8-300x176.png 300w, https:\/\/humanitieslab.goucher.edu\/venezuela\/wp-content\/uploads\/sites\/28\/2024\/12\/image-8-768x450.png 768w\" sizes=\"auto, (max-width: 1024px) 100vw, 1024px\" \/><\/figure>\n\n\n\n<p class=\"has-medium-font-size\"><\/p>\n<\/div>\n<\/div>\n\n\n\n<div class=\"wp-block-column is-layout-flow wp-block-column-is-layout-flow\" style=\"flex-basis:40%\">\n<div class=\"wp-block-group is-layout-constrained wp-block-group-is-layout-constrained\">\n<div style=\"height:var(--wp--preset--spacing--40)\" aria-hidden=\"true\" class=\"wp-block-spacer\"><\/div>\n\n\n\n<div class=\"wp-block-group is-layout-flow wp-block-group-is-layout-flow\">\n<ol class=\"wp-block-list\">\n<li>Un fot\u00f3 de Nicolas Maduro<\/li>\n<\/ol>\n\n\n\n<figure class=\"wp-block-image size-full is-style-rounded\"><img loading=\"lazy\" decoding=\"async\" width=\"178\" height=\"283\" src=\"https:\/\/humanitieslab.goucher.edu\/venezuela\/wp-content\/uploads\/sites\/28\/2024\/12\/download-3.jpeg\" alt=\"\" class=\"wp-image-62\" style=\"aspect-ratio:9\/16;object-fit:cover\" \/><figcaption class=\"wp-element-caption\">Nicol\u00e1s Maduro<\/figcaption><\/figure>\n<\/div>\n<\/div>\n<\/div>\n<\/div>\n<\/div>\n\n\n\n<p class=\"has-text-align-center\"><em>Here is a summarized timeline of the discovery of the oil industry.<\/em><\/p>\n\n\n\n<p><\/p>\n","protected":false},"excerpt":{"rendered":"<p>Una linea de tiempo por la historia del petr\u00f3leo La historia del petr\u00f3leo en Venezuela es esencial para entender Venezuela en hoy d\u00eda, especialmente por los situaciones polit\u00edcos y socioecon\u00f3micos. Cuando el petr\u00f3leo ha descubierto, en el siglo XX, la econom\u00eda cambiaba en un gran manera. Antes del petr\u00f3leo, la argicultura era el primer export\u00e1 [&hellip;]<\/p>\n","protected":false},"author":58,"featured_media":0,"parent":0,"menu_order":0,"comment_status":"closed","ping_status":"closed","template":"","meta":{"_monsterinsights_skip_tracking":false,"_monsterinsights_sitenote_active":false,"_monsterinsights_sitenote_note":"","_monsterinsights_sitenote_category":0,"footnotes":""},"class_list":["post-23","page","type-page","status-publish","hentry"],"_links":{"self":[{"href":"https:\/\/humanitieslab.goucher.edu\/venezuela\/wp-json\/wp\/v2\/pages\/23","targetHints":{"allow":["GET"]}}],"collection":[{"href":"https:\/\/humanitieslab.goucher.edu\/venezuela\/wp-json\/wp\/v2\/pages"}],"about":[{"href":"https:\/\/humanitieslab.goucher.edu\/venezuela\/wp-json\/wp\/v2\/types\/page"}],"author":[{"embeddable":true,"href":"https:\/\/humanitieslab.goucher.edu\/venezuela\/wp-json\/wp\/v2\/users\/58"}],"replies":[{"embeddable":true,"href":"https:\/\/humanitieslab.goucher.edu\/venezuela\/wp-json\/wp\/v2\/comments?post=23"}],"version-history":[{"count":6,"href":"https:\/\/humanitieslab.goucher.edu\/venezuela\/wp-json\/wp\/v2\/pages\/23\/revisions"}],"predecessor-version":[{"id":114,"href":"https:\/\/humanitieslab.goucher.edu\/venezuela\/wp-json\/wp\/v2\/pages\/23\/revisions\/114"}],"wp:attachment":[{"href":"https:\/\/humanitieslab.goucher.edu\/venezuela\/wp-json\/wp\/v2\/media?parent=23"}],"curies":[{"name":"wp","href":"https:\/\/api.w.org\/{rel}","templated":true}]}}