{"id":37,"date":"2024-12-10T05:12:47","date_gmt":"2024-12-10T05:12:47","guid":{"rendered":"https:\/\/humanitieslab.goucher.edu\/venezuela\/?page_id=37"},"modified":"2024-12-11T15:46:04","modified_gmt":"2024-12-11T15:46:04","slug":"artefactos-de-venezuela","status":"publish","type":"page","link":"https:\/\/humanitieslab.goucher.edu\/venezuela\/artefactos-de-venezuela\/","title":{"rendered":"Artefactos de Venezuela"},"content":{"rendered":"\n<p id=\"tw-target-text\"><strong>Iglesia Cat\u00f3lica de Venezuela<\/strong><\/p>\n\n\n\n<figure class=\"wp-block-image size-large\"><img loading=\"lazy\" decoding=\"async\" width=\"1024\" height=\"768\" src=\"https:\/\/humanitieslab.goucher.edu\/venezuela\/wp-content\/uploads\/sites\/28\/2024\/12\/image-2-1024x768.png\" alt=\"\" class=\"wp-image-50\" srcset=\"https:\/\/humanitieslab.goucher.edu\/venezuela\/wp-content\/uploads\/sites\/28\/2024\/12\/image-2-1024x768.png 1024w, https:\/\/humanitieslab.goucher.edu\/venezuela\/wp-content\/uploads\/sites\/28\/2024\/12\/image-2-300x225.png 300w, https:\/\/humanitieslab.goucher.edu\/venezuela\/wp-content\/uploads\/sites\/28\/2024\/12\/image-2-768x576.png 768w, https:\/\/humanitieslab.goucher.edu\/venezuela\/wp-content\/uploads\/sites\/28\/2024\/12\/image-2-1536x1152.png 1536w, https:\/\/humanitieslab.goucher.edu\/venezuela\/wp-content\/uploads\/sites\/28\/2024\/12\/image-2.png 1920w\" sizes=\"auto, (max-width: 1024px) 100vw, 1024px\" \/><\/figure>\n\n\n\n<p id=\"tw-target-text\"><strong>La Mayor parte de Venezuela es Cat\u00f3lica<\/strong><\/p>\n\n\n\n<p><a href=\"https:\/\/images.app.goo.gl\/gw9p4hsHhg3tLJzA7\">https:\/\/images.app.goo.gl\/gw9p4hsHhg3tLJzA7<\/a><\/p>\n\n\n\n<div class=\"wp-block-group alignfull is-layout-constrained wp-container-core-group-is-layout-0747478d wp-block-group-is-layout-constrained\" style=\"padding-top:var(--wp--preset--spacing--50);padding-right:var(--wp--preset--spacing--50);padding-bottom:var(--wp--preset--spacing--50);padding-left:var(--wp--preset--spacing--50)\">\n<div class=\"wp-block-columns alignwide is-layout-flex wp-container-core-columns-is-layout-ff4b9c61 wp-block-columns-is-layout-flex\" style=\"margin-top:0;margin-bottom:0\">\n<div class=\"wp-block-column is-layout-flow wp-container-core-column-is-layout-8a368f38 wp-block-column-is-layout-flow\">\n<p><strong>Feria del Sol<\/strong><\/p>\n\n\n\n<figure class=\"wp-block-image size-large\"><img loading=\"lazy\" decoding=\"async\" width=\"1024\" height=\"768\" src=\"https:\/\/humanitieslab.goucher.edu\/venezuela\/wp-content\/uploads\/sites\/28\/2024\/12\/image-3-1024x768.png\" alt=\"\" class=\"wp-image-51\" srcset=\"https:\/\/humanitieslab.goucher.edu\/venezuela\/wp-content\/uploads\/sites\/28\/2024\/12\/image-3-1024x768.png 1024w, https:\/\/humanitieslab.goucher.edu\/venezuela\/wp-content\/uploads\/sites\/28\/2024\/12\/image-3-300x225.png 300w, https:\/\/humanitieslab.goucher.edu\/venezuela\/wp-content\/uploads\/sites\/28\/2024\/12\/image-3-768x576.png 768w, https:\/\/humanitieslab.goucher.edu\/venezuela\/wp-content\/uploads\/sites\/28\/2024\/12\/image-3-1536x1152.png 1536w, https:\/\/humanitieslab.goucher.edu\/venezuela\/wp-content\/uploads\/sites\/28\/2024\/12\/image-3.png 1600w\" sizes=\"auto, (max-width: 1024px) 100vw, 1024px\" \/><figcaption class=\"wp-element-caption\">Un carnaval que toma lugar en Merida, donde hay corrido de toros y muchas mas festividades<\/figcaption><\/figure>\n<\/div>\n\n\n\n<div class=\"wp-block-column is-layout-flow wp-container-core-column-is-layout-8736a895 wp-block-column-is-layout-flow\" style=\"padding-top:0\">\n<p><strong>Arepas<\/strong><\/p>\n\n\n\n<figure class=\"wp-block-image size-full\"><img loading=\"lazy\" decoding=\"async\" width=\"610\" height=\"458\" src=\"https:\/\/humanitieslab.goucher.edu\/venezuela\/wp-content\/uploads\/sites\/28\/2024\/12\/image-7.png\" alt=\"\" class=\"wp-image-55\" srcset=\"https:\/\/humanitieslab.goucher.edu\/venezuela\/wp-content\/uploads\/sites\/28\/2024\/12\/image-7.png 610w, https:\/\/humanitieslab.goucher.edu\/venezuela\/wp-content\/uploads\/sites\/28\/2024\/12\/image-7-300x225.png 300w\" sizes=\"auto, (max-width: 610px) 100vw, 610px\" \/><figcaption class=\"wp-element-caption\">Las arepas de Venezuela es consumida en todos lados en Venezuela, donde se suele comer casi todos los d\u00edas<\/figcaption><\/figure>\n<\/div>\n\n\n\n<div class=\"wp-block-column is-layout-flow wp-container-core-column-is-layout-8a368f38 wp-block-column-is-layout-flow\">\n<p><strong>Ave Nacional <\/strong><\/p>\n\n\n\n<figure class=\"wp-block-image size-large\"><img loading=\"lazy\" decoding=\"async\" width=\"1024\" height=\"683\" src=\"https:\/\/humanitieslab.goucher.edu\/venezuela\/wp-content\/uploads\/sites\/28\/2024\/12\/image-5-1024x683.png\" alt=\"\" class=\"wp-image-53\" srcset=\"https:\/\/humanitieslab.goucher.edu\/venezuela\/wp-content\/uploads\/sites\/28\/2024\/12\/image-5-1024x683.png 1024w, https:\/\/humanitieslab.goucher.edu\/venezuela\/wp-content\/uploads\/sites\/28\/2024\/12\/image-5-300x200.png 300w, https:\/\/humanitieslab.goucher.edu\/venezuela\/wp-content\/uploads\/sites\/28\/2024\/12\/image-5-768x512.png 768w, https:\/\/humanitieslab.goucher.edu\/venezuela\/wp-content\/uploads\/sites\/28\/2024\/12\/image-5-1536x1024.png 1536w, https:\/\/humanitieslab.goucher.edu\/venezuela\/wp-content\/uploads\/sites\/28\/2024\/12\/image-5.png 1920w\" sizes=\"auto, (max-width: 1024px) 100vw, 1024px\" \/><figcaption class=\"wp-element-caption\">Es un p\u00e1jaro tropical de la familia de los ict\u00e9ridos.<\/figcaption><\/figure>\n<\/div>\n\n\n\n<div class=\"wp-block-column is-layout-flow wp-container-core-column-is-layout-8736a895 wp-block-column-is-layout-flow\" style=\"padding-top:0\">\n<p><strong>Arte Venezolano <\/strong><\/p>\n\n\n\n<figure class=\"wp-block-image size-full\"><img loading=\"lazy\" decoding=\"async\" width=\"900\" height=\"679\" src=\"https:\/\/humanitieslab.goucher.edu\/venezuela\/wp-content\/uploads\/sites\/28\/2024\/12\/image-6.png\" alt=\"\" class=\"wp-image-54\" srcset=\"https:\/\/humanitieslab.goucher.edu\/venezuela\/wp-content\/uploads\/sites\/28\/2024\/12\/image-6.png 900w, https:\/\/humanitieslab.goucher.edu\/venezuela\/wp-content\/uploads\/sites\/28\/2024\/12\/image-6-300x226.png 300w, https:\/\/humanitieslab.goucher.edu\/venezuela\/wp-content\/uploads\/sites\/28\/2024\/12\/image-6-768x579.png 768w\" sizes=\"auto, (max-width: 900px) 100vw, 900px\" \/><figcaption class=\"wp-element-caption\">Este cuadro de arte demuestra la cultura de Venezuela. Ademas que el Macaw es un pajaro muy reconocido. <\/figcaption><\/figure>\n<\/div>\n<\/div>\n\n\n\n<details class=\"wp-block-details is-layout-flow wp-block-details-is-layout-flow\"><summary>Citas<\/summary>\n<p><a href=\"https:\/\/images.app.goo.gl\/WbUcHzk5nRhmeFhT7\">https:\/\/images.app.goo.gl\/WbUcHzk5nRhmeFhT7<\/a><\/p>\n\n\n\n<p><a href=\"https:\/\/images.app.goo.gl\/Ukqb774PgTYh7YcV7\">https:\/\/images.app.goo.gl\/Ukqb774PgTYh7YcV7<\/a><\/p>\n\n\n\n<p><a href=\"https:\/\/images.app.goo.gl\/VnKThmbrFUiQzpbXA\">https:\/\/images.app.goo.gl\/VnKThmbrFUiQzpbXA<\/a><\/p>\n\n\n\n<p><a href=\"https:\/\/images.app.goo.gl\/bH2AYbmBThCNuz6p9\">https:\/\/images.app.goo.gl\/bH2AYbmBThCNuz6p9<\/a><\/p>\n\n\n\n<p><a href=\"https:\/\/es.wikipedia.org\/wiki\/Arepa#:~:text=Arepas%20de%20ma%C3%ADz%20pelado%20en,plato%20principal%20o%20como%20acompa%C3%B1ante.\">https:\/\/es.wikipedia.org\/wiki\/Arepa#:~:text=Arepas%20de%20ma%C3%ADz%20pelado%20en,plato%20principal%20o%20como%20acompa%C3%B1ante.<\/a><\/p>\n\n\n\n<p><a href=\"https:\/\/es.wikipedia.org\/wiki\/Aves_de_Venezuela#:~:text=El%20turpial%2C%20ave%20nacional%20de,cardenalito%2C%20en%20peligro%20de%20extinci%C3%B3n.\">https:\/\/es.wikipedia.org\/wiki\/Aves_de_Venezuela#:~:text=El%20turpial%2C%20ave%20nacional%20de,cardenalito%2C%20en%20peligro%20de%20extinci%C3%B3n.<\/a><\/p>\n\n\n\n<figure class=\"wp-block-embed is-type-wp-embed is-provider-fiesta-del-sol wp-block-embed-fiesta-del-sol\"><div class=\"wp-block-embed__wrapper\">\n<blockquote class=\"wp-embedded-content\" data-secret=\"VIX6tMruvs\"><a href=\"https:\/\/fiestadelsol.org\/\">Home<\/a><\/blockquote><iframe loading=\"lazy\" class=\"wp-embedded-content\" sandbox=\"allow-scripts\" security=\"restricted\" style=\"position: absolute; visibility: hidden;\" title=\"&#8220;Home&#8221; &#8212; Fiesta del Sol\" src=\"https:\/\/fiestadelsol.org\/embed\/#?secret=A6b5RuptwS#?secret=VIX6tMruvs\" data-secret=\"VIX6tMruvs\" width=\"500\" height=\"282\" frameborder=\"0\" marginwidth=\"0\" marginheight=\"0\" scrolling=\"no\"><\/iframe>\n<\/div><\/figure>\n<\/details>\n<\/div>\n\n\n\n<blockquote class=\"wp-block-quote is-layout-flow wp-block-quote-is-layout-flow\">\n<p>&#8220;En Venezuela hay que reinventar la educaci\u00f3n, para crear un pa\u00eds de emprendedores, artistas e inventores, un pa\u00eds digno y soberano en el contexto global&#8221;- Carlos Cruz Diez<\/p>\n<\/blockquote>\n","protected":false},"excerpt":{"rendered":"<p>Iglesia Cat\u00f3lica de Venezuela La Mayor parte de Venezuela es Cat\u00f3lica https:\/\/images.app.goo.gl\/gw9p4hsHhg3tLJzA7 Feria del Sol Arepas Ave Nacional Arte Venezolano &#8220;En Venezuela hay que reinventar la educaci\u00f3n, para crear un pa\u00eds de emprendedores, artistas e inventores, un pa\u00eds digno y soberano en el contexto global&#8221;- Carlos Cruz Diez<\/p>\n","protected":false},"author":60,"featured_media":0,"parent":0,"menu_order":0,"comment_status":"closed","ping_status":"closed","template":"","meta":{"_monsterinsights_skip_tracking":false,"_monsterinsights_sitenote_active":false,"_monsterinsights_sitenote_note":"","_monsterinsights_sitenote_category":0,"footnotes":""},"class_list":["post-37","page","type-page","status-publish","hentry"],"_links":{"self":[{"href":"https:\/\/humanitieslab.goucher.edu\/venezuela\/wp-json\/wp\/v2\/pages\/37","targetHints":{"allow":["GET"]}}],"collection":[{"href":"https:\/\/humanitieslab.goucher.edu\/venezuela\/wp-json\/wp\/v2\/pages"}],"about":[{"href":"https:\/\/humanitieslab.goucher.edu\/venezuela\/wp-json\/wp\/v2\/types\/page"}],"author":[{"embeddable":true,"href":"https:\/\/humanitieslab.goucher.edu\/venezuela\/wp-json\/wp\/v2\/users\/60"}],"replies":[{"embeddable":true,"href":"https:\/\/humanitieslab.goucher.edu\/venezuela\/wp-json\/wp\/v2\/comments?post=37"}],"version-history":[{"count":7,"href":"https:\/\/humanitieslab.goucher.edu\/venezuela\/wp-json\/wp\/v2\/pages\/37\/revisions"}],"predecessor-version":[{"id":110,"href":"https:\/\/humanitieslab.goucher.edu\/venezuela\/wp-json\/wp\/v2\/pages\/37\/revisions\/110"}],"wp:attachment":[{"href":"https:\/\/humanitieslab.goucher.edu\/venezuela\/wp-json\/wp\/v2\/media?parent=37"}],"curies":[{"name":"wp","href":"https:\/\/api.w.org\/{rel}","templated":true}]}}