{"id":6,"date":"2024-09-05T17:55:44","date_gmt":"2024-09-05T17:55:44","guid":{"rendered":"https:\/\/humanitieslab.goucher.edu\/venezuela\/?page_id=6"},"modified":"2024-12-10T17:28:11","modified_gmt":"2024-12-10T17:28:11","slug":"home","status":"publish","type":"page","link":"https:\/\/humanitieslab.goucher.edu\/venezuela\/","title":{"rendered":"Venezuela"},"content":{"rendered":"\n<div class=\"wp-block-group alignfull is-layout-constrained wp-block-group-is-layout-constrained\">\n<div class=\"wp-block-cover alignfull\" style=\"padding-top:var(--wp--preset--spacing--30);padding-right:var(--wp--preset--spacing--30);padding-bottom:var(--wp--preset--spacing--30);padding-left:var(--wp--preset--spacing--30);min-height:50px;aspect-ratio:unset;\"><span aria-hidden=\"true\" class=\"wp-block-cover__background has-black-background-color has-background-dim\"><\/span><img loading=\"lazy\" decoding=\"async\" width=\"1920\" height=\"1260\" class=\"wp-block-cover__image-background wp-image-27\" alt=\"\" src=\"https:\/\/humanitieslab.goucher.edu\/venezuela\/wp-content\/uploads\/sites\/28\/2024\/12\/Screen-Shot-2024-12-03-at-12.45.50-PM.png\" data-object-fit=\"cover\" srcset=\"https:\/\/humanitieslab.goucher.edu\/venezuela\/wp-content\/uploads\/sites\/28\/2024\/12\/Screen-Shot-2024-12-03-at-12.45.50-PM.png 1920w, https:\/\/humanitieslab.goucher.edu\/venezuela\/wp-content\/uploads\/sites\/28\/2024\/12\/Screen-Shot-2024-12-03-at-12.45.50-PM-300x197.png 300w, https:\/\/humanitieslab.goucher.edu\/venezuela\/wp-content\/uploads\/sites\/28\/2024\/12\/Screen-Shot-2024-12-03-at-12.45.50-PM-1024x672.png 1024w, https:\/\/humanitieslab.goucher.edu\/venezuela\/wp-content\/uploads\/sites\/28\/2024\/12\/Screen-Shot-2024-12-03-at-12.45.50-PM-768x504.png 768w, https:\/\/humanitieslab.goucher.edu\/venezuela\/wp-content\/uploads\/sites\/28\/2024\/12\/Screen-Shot-2024-12-03-at-12.45.50-PM-1536x1008.png 1536w\" sizes=\"auto, (max-width: 1920px) 100vw, 1920px\" \/><div class=\"wp-block-cover__inner-container is-layout-flow wp-block-cover-is-layout-flow\">\n<div class=\"wp-block-group alignwide has-base-color has-text-color has-link-color wp-elements-9c1834ad1b5cc884befeb38d955a6a15 is-content-justification-space-between is-layout-flex wp-container-core-group-is-layout-10d17ff1 wp-block-group-is-layout-flex\" style=\"margin-top:0;margin-bottom:0\">\n<div class=\"wp-block-group is-layout-flex wp-block-group-is-layout-flex\">\n<h2 class=\"wp-block-heading\">                    Venezuela: El Pa\u00eds del Petr\u00f3leo<\/h2>\n\n\n\n<p class=\"has-text-align-center\">                                                      Un presentaci\u00f3n de Alorah Collier, Mar\u00eda Sanchez Perez y Mary Lemley<\/p>\n<\/div>\n\n\n<nav class=\"has-text-color has-white-color is-responsive items-justified-right wp-block-navigation is-content-justification-right is-layout-flex wp-container-core-navigation-is-layout-f665d2b5 wp-block-navigation-is-layout-flex\" aria-label=\"Navigation\" \n\t\t data-wp-interactive=\"core\/navigation\" data-wp-context='{\"overlayOpenedBy\":{\"click\":false,\"hover\":false,\"focus\":false},\"type\":\"overlay\",\"roleAttribute\":\"\",\"ariaLabel\":\"Menu\"}'><button aria-haspopup=\"dialog\" aria-label=\"Open menu\" class=\"wp-block-navigation__responsive-container-open\" \n\t\t\t\tdata-wp-on-async--click=\"actions.openMenuOnClick\"\n\t\t\t\tdata-wp-on--keydown=\"actions.handleMenuKeydown\"\n\t\t\t><svg width=\"24\" height=\"24\" xmlns=\"http:\/\/www.w3.org\/2000\/svg\" viewBox=\"0 0 24 24\" aria-hidden=\"true\" focusable=\"false\"><rect x=\"4\" y=\"7.5\" width=\"16\" height=\"1.5\" \/><rect x=\"4\" y=\"15\" width=\"16\" height=\"1.5\" \/><\/svg><\/button>\n\t\t\t\t<div class=\"wp-block-navigation__responsive-container\"  id=\"modal-1\" \n\t\t\t\tdata-wp-class--has-modal-open=\"state.isMenuOpen\"\n\t\t\t\tdata-wp-class--is-menu-open=\"state.isMenuOpen\"\n\t\t\t\tdata-wp-watch=\"callbacks.initMenu\"\n\t\t\t\tdata-wp-on--keydown=\"actions.handleMenuKeydown\"\n\t\t\t\tdata-wp-on-async--focusout=\"actions.handleMenuFocusout\"\n\t\t\t\ttabindex=\"-1\"\n\t\t\t>\n\t\t\t\t\t<div class=\"wp-block-navigation__responsive-close\" tabindex=\"-1\">\n\t\t\t\t\t\t<div class=\"wp-block-navigation__responsive-dialog\" \n\t\t\t\tdata-wp-bind--aria-modal=\"state.ariaModal\"\n\t\t\t\tdata-wp-bind--aria-label=\"state.ariaLabel\"\n\t\t\t\tdata-wp-bind--role=\"state.roleAttribute\"\n\t\t\t>\n\t\t\t\t\t\t\t<button aria-label=\"Close menu\" class=\"wp-block-navigation__responsive-container-close\" \n\t\t\t\tdata-wp-on-async--click=\"actions.closeMenuOnClick\"\n\t\t\t><svg xmlns=\"http:\/\/www.w3.org\/2000\/svg\" viewBox=\"0 0 24 24\" width=\"24\" height=\"24\" aria-hidden=\"true\" focusable=\"false\"><path d=\"m13.06 12 6.47-6.47-1.06-1.06L12 10.94 5.53 4.47 4.47 5.53 10.94 12l-6.47 6.47 1.06 1.06L12 13.06l6.47 6.47 1.06-1.06L13.06 12Z\"><\/path><\/svg><\/button>\n\t\t\t\t\t\t\t<div class=\"wp-block-navigation__responsive-container-content\" \n\t\t\t\tdata-wp-watch=\"callbacks.focusFirstElement\"\n\t\t\t id=\"modal-1-content\">\n\t\t\t\t\t\t\t\t<ul class=\"wp-block-navigation__container has-text-color has-white-color is-responsive items-justified-right wp-block-navigation\"><ul class=\"has-text-color has-white-color wp-block-page-list\"><li class=\"wp-block-pages-list__item wp-block-navigation-item open-on-hover-click\"><a class=\"wp-block-pages-list__item__link wp-block-navigation-item__content\" href=\"https:\/\/humanitieslab.goucher.edu\/venezuela\/artefactos-de-venezuela\/\">Artefactos de Venezuela<\/a><\/li><li class=\"wp-block-pages-list__item wp-block-navigation-item open-on-hover-click\"><a class=\"wp-block-pages-list__item__link wp-block-navigation-item__content\" href=\"https:\/\/humanitieslab.goucher.edu\/venezuela\/historia\/\">Historia<\/a><\/li><li class=\"wp-block-pages-list__item wp-block-navigation-item open-on-hover-click\"><a class=\"wp-block-pages-list__item__link wp-block-navigation-item__content\" href=\"https:\/\/humanitieslab.goucher.edu\/venezuela\/musica-una-forma-de-la-litertura\/\">Mus\u00edca: una forma de la        litertura<\/a><\/li><li class=\"wp-block-pages-list__item wp-block-navigation-item open-on-hover-click menu-item-home\"><a class=\"wp-block-pages-list__item__link wp-block-navigation-item__content\" href=\"https:\/\/humanitieslab.goucher.edu\/venezuela\/\">Venezuela<\/a><\/li><li class=\"wp-block-pages-list__item wp-block-navigation-item open-on-hover-click\"><a class=\"wp-block-pages-list__item__link wp-block-navigation-item__content\" href=\"https:\/\/humanitieslab.goucher.edu\/venezuela\/sample-page\/\">Venezuela Geographia<\/a><\/li><\/ul><\/ul>\n\t\t\t\t\t\t\t<\/div>\n\t\t\t\t\t\t<\/div>\n\t\t\t\t\t<\/div>\n\t\t\t\t<\/div><\/nav><\/div>\n\n\n\n<figure class=\"wp-block-image size-large\"><img loading=\"lazy\" decoding=\"async\" width=\"1024\" height=\"672\" src=\"https:\/\/humanitieslab.goucher.edu\/venezuela\/wp-content\/uploads\/sites\/28\/2024\/12\/Screen-Shot-2024-12-03-at-12.45.50-PM-1024x672.png\" alt=\"\" class=\"wp-image-27\" style=\"aspect-ratio:1\" srcset=\"https:\/\/humanitieslab.goucher.edu\/venezuela\/wp-content\/uploads\/sites\/28\/2024\/12\/Screen-Shot-2024-12-03-at-12.45.50-PM-1024x672.png 1024w, https:\/\/humanitieslab.goucher.edu\/venezuela\/wp-content\/uploads\/sites\/28\/2024\/12\/Screen-Shot-2024-12-03-at-12.45.50-PM-300x197.png 300w, https:\/\/humanitieslab.goucher.edu\/venezuela\/wp-content\/uploads\/sites\/28\/2024\/12\/Screen-Shot-2024-12-03-at-12.45.50-PM-768x504.png 768w, https:\/\/humanitieslab.goucher.edu\/venezuela\/wp-content\/uploads\/sites\/28\/2024\/12\/Screen-Shot-2024-12-03-at-12.45.50-PM-1536x1008.png 1536w, https:\/\/humanitieslab.goucher.edu\/venezuela\/wp-content\/uploads\/sites\/28\/2024\/12\/Screen-Shot-2024-12-03-at-12.45.50-PM.png 1920w\" sizes=\"auto, (max-width: 1024px) 100vw, 1024px\" \/><\/figure>\n\n\n\n<div style=\"height:0px\" aria-hidden=\"true\" class=\"wp-block-spacer\"><\/div>\n<\/div><\/div>\n\n\n\n<h2 class=\"wp-block-heading has-text-align-center\">Nuestro proyecto<\/h2>\n<\/div>\n\n\n\n<p>Por el semestre, nosotras investigamos c\u00f3mo el petr\u00f3leo ha influido todos aspectos del pa\u00eds, lo que incluir la naturaleza, la historia, la literatura y los artefactos que representan la influencia del petr\u00f3leo. Este sitio del web es nuestra exposicion final y presenta nuestra conocimiento sobre la relaci\u00f3n entre el petr\u00f3leo y Venezuela. Por nuestras investigaciones, concluimos que el petr\u00f3leo tiene m\u00e1s influencia en Venezuela. <\/p>\n\n\n\n<h2 class=\"wp-block-heading\">Informaci\u00f3n esencial sobre el petr\u00f3leo en Venezuela<\/h2>\n\n\n\n<div class=\"wp-block-group alignfull is-layout-constrained wp-container-core-group-is-layout-490fa1db wp-block-group-is-layout-constrained\" style=\"padding-top:var(--wp--preset--spacing--50);padding-right:var(--wp--preset--spacing--50);padding-bottom:var(--wp--preset--spacing--50);padding-left:var(--wp--preset--spacing--50)\">\n<div class=\"wp-block-group is-layout-constrained wp-container-core-group-is-layout-650790e1 wp-block-group-is-layout-constrained\">\n<h1 class=\"wp-block-heading has-text-align-center has-x-large-font-size\">El fundamento del pa\u00eds<\/h1>\n\n\n\n<div style=\"height:1.25rem\" aria-hidden=\"true\" class=\"wp-block-spacer\"><\/div>\n\n\n\n<p class=\"has-text-align-center\"><\/p>\n<\/div>\n\n\n\n<p>Venezuela es un pa\u00eds en Latinoam\u00e9rica que es muy \u00fanico porque tiene un recurso valioso, el petr\u00f3leo. Muchas pa\u00edses en Latinoam\u00e9rica solamente tienen recursos de agricultura, que no son muy valioso y por eso, es dif\u00edcil para ganar dinero. Es significa que hay mucho petr\u00f3leo en Venezuela porque es el recurso que es m\u00e1s caro en el pa\u00eds y es el principal export\u00f3 del pa\u00eds.<\/p>\n\n\n\n<h3 class=\"wp-block-heading has-text-align-center\">Las problemas del petr\u00f3leo en Venezuela<\/h3>\n\n\n\n<div class=\"wp-block-group is-layout-constrained wp-block-group-is-layout-constrained\">\n<p>Cuando la econom\u00eda internacional por el petr\u00f3leo est\u00e1 bien, Venezuela ganar mucho dinero, pero cuando lo est\u00e1 peor, la econom\u00eda de Venezuela es horrible. Un otro problema por solamente enfocar en el petr\u00f3leo es que el gobierno no invertir en nueva infraestructura, y por eso, no es posible para producir mucho petr\u00f3leo. En hoy d\u00eda, la situaci\u00f3n en Venezuela est\u00e1 muy grave porque la infraestructura del petr\u00f3leo es horrible y su relaci\u00f3n entre Los Estados Unidos, su principal socio comercial, no esta bueno. Su mal relaci\u00f3n con EEUU tiene un gran impacto a su econom\u00eda porque sin un socio comercial con un pa\u00eds grande, es dif\u00edcil para ganar mucho dinero. Por eso, la econom\u00eda de Venezuela es tan malo y no hay dinero para nada. No hay dinero para la comida, los servicios sociales, el agua puro, la transportacion, y el gobierno no puede detener la violencia de los pandillas. Tambien, la econom\u00eda del petr\u00f3leo ha destruido la naturaleza, que es La vida en Venezuela es peligroso, y es la resulta del petr\u00f3leo.<\/p>\n<\/div>\n\n\n\n<div style=\"height:var(--wp--preset--spacing--30)\" aria-hidden=\"true\" class=\"wp-block-spacer\"><\/div>\n<\/div>\n\n\n\n<p><\/p>\n\n\n\n<p><\/p>\n","protected":false},"excerpt":{"rendered":"<p>Nuestro proyecto Por el semestre, nosotras investigamos c\u00f3mo el petr\u00f3leo ha influido todos aspectos del pa\u00eds, lo que incluir la naturaleza, la historia, la literatura y los artefactos que representan la influencia del petr\u00f3leo. Este sitio del web es nuestra exposicion final y presenta nuestra conocimiento sobre la relaci\u00f3n entre el petr\u00f3leo y Venezuela. Por [&hellip;]<\/p>\n","protected":false},"author":4,"featured_media":0,"parent":0,"menu_order":0,"comment_status":"closed","ping_status":"closed","template":"page-large-header","meta":{"_monsterinsights_skip_tracking":false,"_monsterinsights_sitenote_active":false,"_monsterinsights_sitenote_note":"","_monsterinsights_sitenote_category":0,"footnotes":""},"class_list":["post-6","page","type-page","status-publish","hentry"],"_links":{"self":[{"href":"https:\/\/humanitieslab.goucher.edu\/venezuela\/wp-json\/wp\/v2\/pages\/6","targetHints":{"allow":["GET"]}}],"collection":[{"href":"https:\/\/humanitieslab.goucher.edu\/venezuela\/wp-json\/wp\/v2\/pages"}],"about":[{"href":"https:\/\/humanitieslab.goucher.edu\/venezuela\/wp-json\/wp\/v2\/types\/page"}],"author":[{"embeddable":true,"href":"https:\/\/humanitieslab.goucher.edu\/venezuela\/wp-json\/wp\/v2\/users\/4"}],"replies":[{"embeddable":true,"href":"https:\/\/humanitieslab.goucher.edu\/venezuela\/wp-json\/wp\/v2\/comments?post=6"}],"version-history":[{"count":14,"href":"https:\/\/humanitieslab.goucher.edu\/venezuela\/wp-json\/wp\/v2\/pages\/6\/revisions"}],"predecessor-version":[{"id":99,"href":"https:\/\/humanitieslab.goucher.edu\/venezuela\/wp-json\/wp\/v2\/pages\/6\/revisions\/99"}],"wp:attachment":[{"href":"https:\/\/humanitieslab.goucher.edu\/venezuela\/wp-json\/wp\/v2\/media?parent=6"}],"curies":[{"name":"wp","href":"https:\/\/api.w.org\/{rel}","templated":true}]}}