{"id":88,"date":"2024-12-10T05:11:58","date_gmt":"2024-12-10T05:11:58","guid":{"rendered":"https:\/\/humanitieslab.goucher.edu\/venezuela\/?page_id=88"},"modified":"2024-12-11T23:29:46","modified_gmt":"2024-12-11T23:29:46","slug":"musica-una-forma-de-la-litertura","status":"publish","type":"page","link":"https:\/\/humanitieslab.goucher.edu\/venezuela\/musica-una-forma-de-la-litertura\/","title":{"rendered":"Mus\u00edca: una forma de la        litertura"},"content":{"rendered":"\n<p class=\"has-text-align-center\">Mus\u00edca es una forma en cual las personas de Venezuela expresan los afectos del petr\u00f3leo que muestra como lo tiene un gran influencia. Estos son dos canciones que muestra la importancia del petr\u00f3leo en Venezuela y como lo influyen varios aspectos del pa\u00eds.<\/p>\n\n\n\n<div class=\"wp-block-columns is-layout-flex wp-container-core-columns-is-layout-28f84493 wp-block-columns-is-layout-flex\">\n<div class=\"wp-block-column is-layout-flow wp-block-column-is-layout-flow\" style=\"flex-basis:100%\">\n<div class=\"wp-block-group is-layout-constrained wp-block-group-is-layout-constrained\">\n<h2 class=\"wp-block-heading has-text-align-center\">&#8220;Oro Negro&#8221; de Andrekza<\/h2>\n\n\n\n<p class=\"has-text-align-center\">Un canci\u00f3n sobre el impacto del petr\u00f3leo a los ciudadanos de Venezuela<\/p>\n\n\n\n<figure class=\"wp-block-embed is-type-video is-provider-youtube wp-block-embed-youtube wp-embed-aspect-16-9 wp-has-aspect-ratio\"><div class=\"wp-block-embed__wrapper\">\n<iframe loading=\"lazy\" title=\"Andrekza - Oro Negro (Official Music Video)\" width=\"500\" height=\"281\" src=\"https:\/\/www.youtube.com\/embed\/ne1KLBY-7uc?feature=oembed\" frameborder=\"0\" allow=\"accelerometer; autoplay; clipboard-write; encrypted-media; gyroscope; picture-in-picture; web-share\" referrerpolicy=\"strict-origin-when-cross-origin\" allowfullscreen><\/iframe>\n<\/div><\/figure>\n\n\n\n<div class=\"wp-block-columns is-layout-flex wp-container-core-columns-is-layout-28f84493 wp-block-columns-is-layout-flex\">\n<div class=\"wp-block-column is-vertically-aligned-stretch is-layout-flow wp-block-column-is-layout-flow\">\n<h2 class=\"wp-block-heading\">La artista<\/h2>\n\n\n\n<p><\/p>\n\n\n\n<p class=\"has-text-align-left\">Ella empez\u00f3 hacer m\u00fasica en 2020. Todav\u00eda, ella est\u00e1 una artista peque\u00f1a. Un raz\u00f3n por eso es que se hace m\u00fasica sobre eventos impactos, espec\u00edfico a las mujeres, la situaci\u00f3n es Venezuela y las experiencias de las inmigrantes. En hoy dia ella no vive en Venezuela, es un inmigrante a los Estados Unidos.<\/p>\n<\/div>\n\n\n\n<div class=\"wp-block-column is-layout-flow wp-block-column-is-layout-flow\">\n<h2 class=\"wp-block-heading\">La  significa de &#8220;Oro Negro&#8221;<\/h2>\n\n\n\n<p>&#8220;Oro Negro&#8221; es una referencia al estatus de Venezuela como uno de los mayores productores de petr\u00f3leo del mundo.&nbsp;Andrekza habla de la tensi\u00f3n entre las reservas de petr\u00f3leo de Venezuela y la mala gesti\u00f3n econ\u00f3mica.&nbsp;Las letras tienen una sentimiento de orgullo por su naci\u00f3n. Tambien, las muestran como los decisiones de los l\u00edderes impactaron la gente y sus vidas diariamente. Es una canci\u00f3n de protesta y como los ciudadanos venezolanos son impactadas del petr\u00f3leo. Un sentimiento de a\u00f1orar su pa\u00eds.<\/p>\n<\/div>\n<\/div>\n<\/div>\n<\/div>\n<\/div>\n\n\n\n<h2 class=\"wp-block-heading has-text-align-center\">&#8220;Miraflores&#8221; de Sentimiento Muerto<\/h2>\n\n\n\n<p class=\"has-text-align-center\">Un canci\u00f3n sobre la corrupci\u00f3n en el gobierno de Venezuela que es la resulta del petr\u00f3leo<\/p>\n\n\n\n<figure class=\"wp-block-embed is-type-video is-provider-youtube wp-block-embed-youtube wp-embed-aspect-16-9 wp-has-aspect-ratio\"><div class=\"wp-block-embed__wrapper\">\n<iframe loading=\"lazy\" title=\"Sentimiento Muerto - Miraflores 1988\" width=\"500\" height=\"281\" src=\"https:\/\/www.youtube.com\/embed\/sYkETTxq9YQ?feature=oembed\" frameborder=\"0\" allow=\"accelerometer; autoplay; clipboard-write; encrypted-media; gyroscope; picture-in-picture; web-share\" referrerpolicy=\"strict-origin-when-cross-origin\" allowfullscreen><\/iframe>\n<\/div><\/figure>\n\n\n\n<div class=\"wp-block-columns is-layout-flex wp-container-core-columns-is-layout-28f84493 wp-block-columns-is-layout-flex\">\n<div class=\"wp-block-column is-layout-flow wp-block-column-is-layout-flow\">\n<h2 class=\"wp-block-heading\">La banda<\/h2>\n\n\n\n<p>La formaci\u00f3n de Sentimiento Muerto data de 1981. Un estilo en donde combinaba ritmos de new wave con ritmos latinos. Ellos tienen varios canciones de protesta, espec\u00edficamente sobre el gobierno en Venezuela. La banda ten\u00eda un gran impacto a la m\u00fasica en Venezuela.<\/p>\n<\/div>\n\n\n\n<div class=\"wp-block-column is-layout-flow wp-block-column-is-layout-flow\">\n<h2 class=\"wp-block-heading\">La Significa de &#8220;Miraflores&#8221;<\/h2>\n\n\n\n<p>Es un canci\u00f3n de deseo de poder y riqueza, escapar de la escasez y la corrupci\u00f3n y ambici\u00f3n del gobierno. <em>Sentimiento Muerto<\/em> expresa su anhelo de trabajar en el gobierno para acceder a una vida de lujo, con una casa grande y m\u00faltiples choferes. Tambien, este muestra como personas en el gobierno tienen todas, mientras los ciudadanos no tienen nada. Por ejemplo, se menciona un deseo de escapar de la pobreza, buscando una posici\u00f3n que le provea beneficios econ\u00f3micos.&nbsp;Las letras son tan sarc\u00e1sticas porque las dicen que quieren ser parte de un sistema corrupto, lo que implica personas saben que el gobierno es corrupto, pero no pueden hacer nada.<\/p>\n<\/div>\n<\/div>\n\n\n\n<p><\/p>\n","protected":false},"excerpt":{"rendered":"<p>Mus\u00edca es una forma en cual las personas de Venezuela expresan los afectos del petr\u00f3leo que muestra como lo tiene un gran influencia. Estos son dos canciones que muestra la importancia del petr\u00f3leo en Venezuela y como lo influyen varios aspectos del pa\u00eds. &#8220;Oro Negro&#8221; de Andrekza Un canci\u00f3n sobre el impacto del petr\u00f3leo a [&hellip;]<\/p>\n","protected":false},"author":59,"featured_media":0,"parent":0,"menu_order":0,"comment_status":"closed","ping_status":"closed","template":"","meta":{"_monsterinsights_skip_tracking":false,"_monsterinsights_sitenote_active":false,"_monsterinsights_sitenote_note":"","_monsterinsights_sitenote_category":0,"footnotes":""},"class_list":["post-88","page","type-page","status-publish","hentry"],"_links":{"self":[{"href":"https:\/\/humanitieslab.goucher.edu\/venezuela\/wp-json\/wp\/v2\/pages\/88","targetHints":{"allow":["GET"]}}],"collection":[{"href":"https:\/\/humanitieslab.goucher.edu\/venezuela\/wp-json\/wp\/v2\/pages"}],"about":[{"href":"https:\/\/humanitieslab.goucher.edu\/venezuela\/wp-json\/wp\/v2\/types\/page"}],"author":[{"embeddable":true,"href":"https:\/\/humanitieslab.goucher.edu\/venezuela\/wp-json\/wp\/v2\/users\/59"}],"replies":[{"embeddable":true,"href":"https:\/\/humanitieslab.goucher.edu\/venezuela\/wp-json\/wp\/v2\/comments?post=88"}],"version-history":[{"count":5,"href":"https:\/\/humanitieslab.goucher.edu\/venezuela\/wp-json\/wp\/v2\/pages\/88\/revisions"}],"predecessor-version":[{"id":111,"href":"https:\/\/humanitieslab.goucher.edu\/venezuela\/wp-json\/wp\/v2\/pages\/88\/revisions\/111"}],"wp:attachment":[{"href":"https:\/\/humanitieslab.goucher.edu\/venezuela\/wp-json\/wp\/v2\/media?parent=88"}],"curies":[{"name":"wp","href":"https:\/\/api.w.org\/{rel}","templated":true}]}}